{"id":1641,"date":"2025-01-07T10:18:26","date_gmt":"2025-01-07T09:18:26","guid":{"rendered":"https:\/\/razvoj2.zrz.si\/projekti\/"},"modified":"2025-01-07T10:18:26","modified_gmt":"2025-01-07T09:18:26","slug":"projekti","status":"publish","type":"page","link":"https:\/\/zrz.si\/bs\/projekti\/","title":{"rendered":"Projekti"},"content":{"rendered":"<h3 style=\"text-align: justify;\"><b>Izrada metodologije za projekciju potreba na tr\u017ei\u0161tu rada za mala i srednja preduze\u0107a u zanatsko-preduzetni\u010dkom sektoru i primjer modela projekcije potreba u slu\u010daju automehani\u010darske radionice<\/b><\/h3>\n<p style=\"text-align: justify;\">Zadatak je realizovan u okviru DialogeS projekta \u201eZDOPS i SOPS zajedno u socijalnom dijalogu predlo\u017eiti implementaciona rje\u0161enja u oblasti uslova rada i zapo\u0161ljavanja u obrtu i poduzetni\u0161tvu\u201c.<\/p>\n<p style=\"text-align: justify;\">U okviru <b>metodologije projekcije potreba na tr\u017ei\u0161tu rada za mala i srednja preduze\u0107a u zanatsko-preduzetni\u010dkom sektoru i primjera modela projekcije potreba u slu\u010daju autoservisa, mi:<\/b><\/p>\n<ol style=\"text-align: justify;\">\n<li>identifikovao stanje u zanatsko-preduzetni\u010dkom sektoru (od 2013. godine) i trenutna ovla\u0161tenja institucija;<\/li>\n<li>identifikovali probleme koji ote\u017eavaju provo\u0111enje efektivne koordinacije i predvi\u0111anja na tr\u017ei\u0161tu rada i predlo\u017eili mogu\u0107a rje\u0161enja;<\/li>\n<li>identifikovali prijedloge za efikasnije pra\u0107enje potreba tr\u017ei\u0161ta rada, za ve\u0107u koordinaciju ponude i potra\u017enje na tr\u017ei\u0161tu rada, te za uklju\u010divanje radnika MMSP u odgovaraju\u0107e obrazovanje i obuku;<\/li>\n<li>pripremio metodologiju za projekciju potreba tr\u017ei\u0161ta rada prilago\u0111enu malim i srednjim poslodavcima;<\/li>\n<li>pripremio primjer projekcije potreba na primjeru profila automehani\u010dara.<\/li>\n<\/ol>\n<p>&nbsp;<\/p>\n<p style=\"text-align: justify;\">Kratko obja\u0161njenje specifi\u010dnih pojmova iz oblasti stru\u010dnog i stru\u010dnog obrazovanja i usavr\u0161avanja.<\/p>\n<p style=\"text-align: justify;\">Projekt DialogeS usmjeren je na prakti\u010dna rje\u0161enja koja \u0107e, na osnovu prijedloga, omogu\u0107iti kreatorima politike i ZRSZ-u da bolje prate potrebe tr\u017ei\u0161ta rada u obrtu i poduzetni\u0161tvu, te otvori raspravu o boljem predvi\u0111anju obrazovnog procesa kako bi se osiguralo znanja i vje\u0161tina (kvalifikacija) neophodnih za zanat i poduzetni\u0161tvo i time smanjila nezaposlenost.<\/p>\n<p style=\"text-align: justify;\">Strate\u0161ki cilj projekta je pripremiti osnovu za poticanje pripreme prijedloga rje\u0161enja za pobolj\u0161anje uslova rada, zapo\u0161ljavanja, mjera socijalnog osiguranja i cjelo\u017eivotnog u\u010denja sa posebnim akcentom na zanatstvo i poduzetni\u0161tvo.  <a href=\"http:\/\/www.zdops.si\/DialogeS-p291\">Vi\u0161e o DialogeS projektu<\/a><\/p>\n","protected":false},"excerpt":{"rendered":"<p>Izrada metodologije za projekciju potreba na tr\u017ei\u0161tu rada za mala i srednja preduze\u0107a u zanatsko-preduzetni\u010dkom sektoru i primjer modela projekcije potreba u slu\u010daju automehani\u010darske radionice Zadatak je realizovan u okviru DialogeS projekta \u201eZDOPS i SOPS zajedno u socijalnom dijalogu predlo\u017eiti implementaciona rje\u0161enja u oblasti uslova rada i zapo\u0161ljavanja u obrtu i poduzetni\u0161tvu\u201c. U okviru metodologije [&hellip;]<\/p>\n","protected":false},"author":1,"featured_media":0,"parent":0,"menu_order":0,"comment_status":"closed","ping_status":"closed","template":"","meta":{"_acf_changed":false,"footnotes":""},"class_list":["post-1641","page","type-page","status-publish","hentry"],"acf":[],"_links":{"self":[{"href":"https:\/\/zrz.si\/bs\/wp-json\/wp\/v2\/pages\/1641","targetHints":{"allow":["GET"]}}],"collection":[{"href":"https:\/\/zrz.si\/bs\/wp-json\/wp\/v2\/pages"}],"about":[{"href":"https:\/\/zrz.si\/bs\/wp-json\/wp\/v2\/types\/page"}],"author":[{"embeddable":true,"href":"https:\/\/zrz.si\/bs\/wp-json\/wp\/v2\/users\/1"}],"replies":[{"embeddable":true,"href":"https:\/\/zrz.si\/bs\/wp-json\/wp\/v2\/comments?post=1641"}],"version-history":[{"count":0,"href":"https:\/\/zrz.si\/bs\/wp-json\/wp\/v2\/pages\/1641\/revisions"}],"wp:attachment":[{"href":"https:\/\/zrz.si\/bs\/wp-json\/wp\/v2\/media?parent=1641"}],"curies":[{"name":"wp","href":"https:\/\/api.w.org\/{rel}","templated":true}]}}