{"id":1700,"date":"2024-12-24T00:13:45","date_gmt":"2024-12-23T23:13:45","guid":{"rendered":"https:\/\/razvoj2.zrz.si\/koje-su-strucne-kvalifikacije-zrz-a\/"},"modified":"2024-12-24T00:13:45","modified_gmt":"2024-12-23T23:13:45","slug":"koje-su-strucne-kvalifikacije-zrz-a","status":"publish","type":"page","link":"https:\/\/zrz.si\/bs\/koje-su-strucne-kvalifikacije-zrz-a\/","title":{"rendered":"Koje su stru\u010dne kvalifikacije ZRZ-a"},"content":{"rendered":"<p style=\"text-align: justify;\">Stru\u010dne kvalifikacije ZRZ otvaraju nove mogu\u0107nosti sticanja znanja, vje\u0161tina i kompetencija koje ne mo\u017eemo ili nismo mogli ste\u0107i u redovnom obrazovanju, jer se radi o onim sadr\u017eajima koji se razvijaju na osnovu inovacija u tehnologiji i procesima rada i koji su apsolutno neophodni za ovladavanje radom u savremenom, razvojno orijentisanom dru\u0161tvu. <\/p>\n<p style=\"text-align: justify;\">Znanja, vje\u0161tine i kompetencije, brzim razvojem kojem svjedo\u010dimo u ovom trenutku, brzo zastarijevaju ili su kreirani. Nova tehnologija, na\u010din rada, zahtjevi tr\u017ei\u0161ta i, s druge strane, \u017eelja za li\u010dnim rastom i napredovanjem zahtijevaju od nas stalno u\u010denje. Ovo u\u010denje ne samo da se odvija na organizovan na\u010din u u\u010dionicama i \u0161kolama, ve\u0107 se odvija i neorganizovano i nesvjesno. Stalno u\u010dimo i iz okru\u017eenja stalno crpimo nova znanja, vje\u0161tine i kompetencije koje potom koristimo za bolji, br\u017ei, kvalitetniji i efikasniji rad i \u017eivot.    <\/p>\n<p style=\"text-align: justify;\">Stru\u010dna kvalifikacija Udru\u017eenja za razvoj znanja (ZRZ) rezultat je edukacije i usavr\u0161avanja odn. ste\u010deno radno iskustvo dopunjuje, produbljuje i pro\u0161iruje znanja, ve\u0161tine i sposobnosti pojedinca za \u017eivot i rad i dokazuje se sertifikatom. <\/p>\n<p style=\"text-align: justify;\">Stru\u010dne kvalifikacije ZRZ-a priznaju poslodavci i potvr\u0111uju poslodava\u010dka organizacija, kao ona kombinacija znanja, vje\u0161tina i kompetencija za odre\u0111eni zaokru\u017eeni skup poslova u okviru struke ili djelatnosti, koja je sa stanovi\u0161ta poslodavca neophodna za postizanje potreban kvalitet.<\/p>\n<p style=\"text-align: justify;\">Certifikat koji kandidati dobiju nakon uspje\u0161no zavr\u0161ene certifikacije nije nacionalni dokument i ne omogu\u0107ava ulazak u vi\u0161e obrazovanje, ve\u0107 referentni dokument koji je dodatak uvjerenju, diplomi ili sertifikat, omogu\u0107ava zapo\u0161ljavanje i nastavak rada i pokazuje cjelo\u017eivotno u\u010denje i nadogradnju znanja, \u0161to je ne samo po\u017eeljno, ve\u0107 i neophodno za postizanje konkurentnosti na tr\u017ei\u0161tu rada. <\/p>\n<p>&nbsp;<\/p>\n<p style=\"text-align: justify;\"><strong><a href=\"https:\/\/zrz.si\/wp-content\/uploads\/2025\/01\/Primer-certifikata_SLO_ENG.pdf\">Primjer-certifikat_SLO_ENG<\/a><\/strong><\/p>\n<p>&nbsp;<\/p>\n<h2 style=\"text-align: left;\"><strong>KRITERIJI ZA STRU\u010cNE KVALIFIKACIJE ZRZ<\/strong><\/h2>\n<p style=\"text-align: justify;\">Stru\u010dne kvalifikacije u okviru ZRZ sistema su dizajnirane za:<\/p>\n<ul>\n<li style=\"text-align: justify;\">zaokru\u017een skup radova u okviru struke ili aktivnosti, <\/li>\n<li style=\"text-align: justify;\">srodnu kombinaciju znanja, vje\u0161tina i kompetencija koju, po pravilu, jedno lice mo\u017ee obavljati u okviru svog zaposlenja ili radnog mjesta,<\/li>\n<li style=\"text-align: justify;\">dodatak ili nadogradnja na program formalnog obrazovanja i obuke, nacionalne stru\u010dne ili druge kvalifikacije, <\/li>\n<li style=\"text-align: justify;\">kombinacija znanja, vje\u0161tina i kompetencija priznatih od strane poslodavaca.<\/li>\n<\/ul>\n","protected":false},"excerpt":{"rendered":"<p>Stru\u010dne kvalifikacije ZRZ otvaraju nove mogu\u0107nosti sticanja znanja, vje\u0161tina i kompetencija koje ne mo\u017eemo ili nismo mogli ste\u0107i u redovnom obrazovanju, jer se radi o onim sadr\u017eajima koji se razvijaju na osnovu inovacija u tehnologiji i procesima rada i koji su apsolutno neophodni za ovladavanje radom u savremenom, razvojno orijentisanom dru\u0161tvu. Znanja, vje\u0161tine i kompetencije, [&hellip;]<\/p>\n","protected":false},"author":1,"featured_media":0,"parent":0,"menu_order":0,"comment_status":"closed","ping_status":"closed","template":"","meta":{"_acf_changed":false,"footnotes":""},"class_list":["post-1700","page","type-page","status-publish","hentry"],"acf":[],"_links":{"self":[{"href":"https:\/\/zrz.si\/bs\/wp-json\/wp\/v2\/pages\/1700","targetHints":{"allow":["GET"]}}],"collection":[{"href":"https:\/\/zrz.si\/bs\/wp-json\/wp\/v2\/pages"}],"about":[{"href":"https:\/\/zrz.si\/bs\/wp-json\/wp\/v2\/types\/page"}],"author":[{"embeddable":true,"href":"https:\/\/zrz.si\/bs\/wp-json\/wp\/v2\/users\/1"}],"replies":[{"embeddable":true,"href":"https:\/\/zrz.si\/bs\/wp-json\/wp\/v2\/comments?post=1700"}],"version-history":[{"count":0,"href":"https:\/\/zrz.si\/bs\/wp-json\/wp\/v2\/pages\/1700\/revisions"}],"wp:attachment":[{"href":"https:\/\/zrz.si\/bs\/wp-json\/wp\/v2\/media?parent=1700"}],"curies":[{"name":"wp","href":"https:\/\/api.w.org\/{rel}","templated":true}]}}