{"id":1701,"date":"2024-12-24T00:18:19","date_gmt":"2024-12-23T23:18:19","guid":{"rendered":"https:\/\/razvoj2.zrz.si\/kako-steci-profesionalnu-kvalifikaciju\/"},"modified":"2024-12-24T00:18:19","modified_gmt":"2024-12-23T23:18:19","slug":"kako-steci-profesionalnu-kvalifikaciju","status":"publish","type":"page","link":"https:\/\/zrz.si\/bs\/kako-steci-profesionalnu-kvalifikaciju\/","title":{"rendered":"Kako ste\u0107i profesionalnu kvalifikaciju"},"content":{"rendered":"<p style=\"text-align: justify;\">Koraci za sticanje profesionalne kvalifikacije:<\/p>\n<ul>\n<li style=\"text-align: left;\">provjerite kompetencije za \u017eeljenu stru\u010dnu kvalifikaciju i uporedite ih sa svojim<\/li>\n<li style=\"text-align: left;\">poha\u0111ati obuku po potrebi<\/li>\n<li style=\"text-align: left;\">provjerite uslove za pristup certifikatu<\/li>\n<li style=\"text-align: left;\">provjeriti ispitne i prijavne rokove<\/li>\n<li style=\"text-align: left;\">pripremiti obaveznu i neobaveznu prate\u0107u dokumentaciju<\/li>\n<li style=\"text-align: left;\">popunite formular za prijavu<\/li>\n<li style=\"text-align: left;\">prijavnicu i prikupljenu dokumentaciju po\u0161aljite po\u0161tom na adresu: ZRZ, Kardeljeva plat\u0161ad 1, 1000 Ljubljana, e-mailom na adresu info@zrz.si ili faksom na br. 01 2927262 <\/li>\n<li style=\"text-align: left;\">sa\u010dekajte obavje\u0161tenje ZRZ-a o ispitu<\/li>\n<\/ul>\n","protected":false},"excerpt":{"rendered":"<p>Koraci za sticanje profesionalne kvalifikacije: provjerite kompetencije za \u017eeljenu stru\u010dnu kvalifikaciju i uporedite ih sa svojim poha\u0111ati obuku po potrebi provjerite uslove za pristup certifikatu provjeriti ispitne i prijavne rokove pripremiti obaveznu i neobaveznu prate\u0107u dokumentaciju popunite formular za prijavu prijavnicu i prikupljenu dokumentaciju po\u0161aljite po\u0161tom na adresu: ZRZ, Kardeljeva plat\u0161ad 1, 1000 Ljubljana, e-mailom [&hellip;]<\/p>\n","protected":false},"author":1,"featured_media":0,"parent":0,"menu_order":0,"comment_status":"closed","ping_status":"closed","template":"","meta":{"_acf_changed":false,"footnotes":""},"class_list":["post-1701","page","type-page","status-publish","hentry"],"acf":[],"_links":{"self":[{"href":"https:\/\/zrz.si\/bs\/wp-json\/wp\/v2\/pages\/1701","targetHints":{"allow":["GET"]}}],"collection":[{"href":"https:\/\/zrz.si\/bs\/wp-json\/wp\/v2\/pages"}],"about":[{"href":"https:\/\/zrz.si\/bs\/wp-json\/wp\/v2\/types\/page"}],"author":[{"embeddable":true,"href":"https:\/\/zrz.si\/bs\/wp-json\/wp\/v2\/users\/1"}],"replies":[{"embeddable":true,"href":"https:\/\/zrz.si\/bs\/wp-json\/wp\/v2\/comments?post=1701"}],"version-history":[{"count":0,"href":"https:\/\/zrz.si\/bs\/wp-json\/wp\/v2\/pages\/1701\/revisions"}],"wp:attachment":[{"href":"https:\/\/zrz.si\/bs\/wp-json\/wp\/v2\/media?parent=1701"}],"curies":[{"name":"wp","href":"https:\/\/api.w.org\/{rel}","templated":true}]}}