{"id":1702,"date":"2024-12-24T00:17:16","date_gmt":"2024-12-23T23:17:16","guid":{"rendered":"https:\/\/razvoj2.zrz.si\/kome-su-namijenjene-profesionalne-kvalifikacije\/"},"modified":"2024-12-24T00:17:16","modified_gmt":"2024-12-23T23:17:16","slug":"kome-su-namijenjene-profesionalne-kvalifikacije","status":"publish","type":"page","link":"https:\/\/zrz.si\/bs\/kome-su-namijenjene-profesionalne-kvalifikacije\/","title":{"rendered":"Kome su namijenjene profesionalne kvalifikacije?"},"content":{"rendered":"<h2 style=\"text-align: justify;\">POJEDINACA<\/h2>\n<p style=\"text-align: justify;\">Stru\u010dne kvalifikacije ZRZ otvaraju nove mogu\u0107nosti za karijeru kandidatima, pove\u0107avaju mogu\u0107nost zapo\u0161ljavanja i mobilnosti na tr\u017ei\u0161tu rada, a istovremeno omogu\u0107avaju znanja, vje\u0161tine i kompetencije ste\u010dene na neorganiziran i neformalan na\u010din i priznate od strane poslodavaca, u okviru sistema stru\u010dnih kvalifikacija ZRZ potvrditi i dobiti uvjerenje o stru\u010dnoj osposobljenosti. Certifikat koji kandidati steknu pokazuje kompetencije u okviru stru\u010dne kvalifikacije, tako da poslodavac mo\u017ee razumjeti kvalifikacije pojedinca iz certifikata, stoga otvara nove mogu\u0107nosti zapo\u0161ljavanja za osobe koje tra\u017ee posao, jer dokazuje cjelo\u017eivotno u\u010denje i razvoj kandidata. <\/p>\n<p>&nbsp;<\/p>\n<p style=\"text-align: justify;\"><strong><a href=\"https:\/\/zrz.si\/wp-content\/uploads\/2025\/01\/Primer-certifikata_SLO_ENG.pdf\">Primjer-certifikat_SLO_ENG<\/a><\/strong><\/p>\n<p>&nbsp;<\/p>\n<h2 style=\"text-align: justify;\">POSLODAVCI<\/h2>\n<p style=\"text-align: justify;\">Poslodavci su sve svjesniji va\u017enosti kvalitetnog i razvojno orijentiranog kadrovskog potencijala, jer bez adekvatno obu\u010denih zaposlenika koji se brzo prilago\u0111avaju novim tehnologijama i razvoju ne mogu ostvariti svoje ciljeve. \u010cinjenica je da najuspje\u0161niji poslodavci isti\u010du va\u017enost svakog svog zaposlenika. <\/p>\n<p style=\"text-align: justify;\">Za poslodavce stru\u010dne kvalifikacije ZRZ-a predstavljaju mogu\u0107nost odgovora na razvojne i tehnolo\u0161ke promjene, kao i promjene u radnim procesima, \u0161to omogu\u0107ava fleksibilnost i odr\u017eava konkurentnost na tr\u017ei\u0161tu.<\/p>\n<p style=\"text-align: justify;\">Poslodavci nisu samo korisnici stru\u010dnih kvalifikacija, ve\u0107 i inicijatori ili inicijatori. Poslodavci koji uo\u010davaju nova znanja, vje\u0161tine i kompetencije i \u017eele organiziran i transparentan pristup ovjeravanju i dodjeli dokumenata od strane referentnih institucija, sara\u0111uju sa ZRZ-om iu razvojnom radu i sadr\u017eajno doprinose definisanju standarda za stjecanje stru\u010dne kvalifikacije. Ove stru\u010dne kvalifikacije prvenstveno predstavljaju novi razvojni potencijal za industriju ili za slovena\u010dko gospodarstvo, jer omogu\u0107avaju kontinuirano pra\u0107enje i a\u017euriranje znanja, vje\u0161tina i kompetencija kadrovskog potencijala u organizaciji i trenutno reagiranje na inovacije ili promjene.     <\/p>\n","protected":false},"excerpt":{"rendered":"<p>POJEDINACA Stru\u010dne kvalifikacije ZRZ otvaraju nove mogu\u0107nosti za karijeru kandidatima, pove\u0107avaju mogu\u0107nost zapo\u0161ljavanja i mobilnosti na tr\u017ei\u0161tu rada, a istovremeno omogu\u0107avaju znanja, vje\u0161tine i kompetencije ste\u010dene na neorganiziran i neformalan na\u010din i priznate od strane poslodavaca, u okviru sistema stru\u010dnih kvalifikacija ZRZ potvrditi i dobiti uvjerenje o stru\u010dnoj osposobljenosti. Certifikat koji kandidati steknu pokazuje kompetencije [&hellip;]<\/p>\n","protected":false},"author":1,"featured_media":0,"parent":0,"menu_order":0,"comment_status":"closed","ping_status":"closed","template":"","meta":{"_acf_changed":false,"footnotes":""},"class_list":["post-1702","page","type-page","status-publish","hentry"],"acf":[],"_links":{"self":[{"href":"https:\/\/zrz.si\/bs\/wp-json\/wp\/v2\/pages\/1702","targetHints":{"allow":["GET"]}}],"collection":[{"href":"https:\/\/zrz.si\/bs\/wp-json\/wp\/v2\/pages"}],"about":[{"href":"https:\/\/zrz.si\/bs\/wp-json\/wp\/v2\/types\/page"}],"author":[{"embeddable":true,"href":"https:\/\/zrz.si\/bs\/wp-json\/wp\/v2\/users\/1"}],"replies":[{"embeddable":true,"href":"https:\/\/zrz.si\/bs\/wp-json\/wp\/v2\/comments?post=1702"}],"version-history":[{"count":0,"href":"https:\/\/zrz.si\/bs\/wp-json\/wp\/v2\/pages\/1702\/revisions"}],"wp:attachment":[{"href":"https:\/\/zrz.si\/bs\/wp-json\/wp\/v2\/media?parent=1702"}],"curies":[{"name":"wp","href":"https:\/\/api.w.org\/{rel}","templated":true}]}}