{"id":1703,"date":"2024-12-24T00:30:57","date_gmt":"2024-12-23T23:30:57","guid":{"rendered":"https:\/\/razvoj2.zrz.si\/kontakt\/"},"modified":"2025-01-21T15:11:20","modified_gmt":"2025-01-21T14:11:20","slug":"kontakt","status":"publish","type":"page","link":"https:\/\/zrz.si\/bs\/kontakt\/","title":{"rendered":"Kontakt"},"content":{"rendered":"<p><strong>Zdru\u017eenje za razvoj znanja<\/strong><br \/>\nKardeljeva plo\u0161\u010dad 1<br \/>\n1000 Ljubljana<\/p>\n<p><strong>Tel:<\/strong> 00 386 1 2927261<\/p>\n<p><strong>Fax:<\/strong> 00 306 1 2927262<\/p>\n<p><strong>e-mail:<\/strong> info@zrz.si<br \/>\nwww.zrz.si<\/p>\n<p><strong>Poreski broj:<\/strong> SI20470193<\/p>\n<p><strong>Broj registra:<\/strong> 4029640000<\/p>\n<p><strong>Transakcijski ra\u010dun:<\/strong> SI56 0201 1025 9237 946, NLB dd<\/p>\n<p><strong>Kako do nas?<\/strong><\/p>\n<p><strong>Pogled na ulicu:<\/strong><\/p>\n<p><strong><a href=\"http:\/\/street-view.bg360.net\/#46.07323;14.51254;-87.57;4.94;0;7;1;h;0\">pogled sa Kardeljeva plo\u0161\u010dad<\/a> <\/strong><\/p>\n<p><strong><a href=\"http:\/\/street-view.bg360.net\/#46.07335;14.51126;99.4;8;0;7;1;h;0\">pogled sa Dunajske <\/a>ceste<\/strong><\/p>\n<p>(kliknite na mapu)<\/p>\n<p><img decoding=\"async\" class=\"alignnone size-medium wp-image-110\" src=\"https:\/\/zrz.si\/wp-content\/uploads\/2024\/12\/zemljevid-zrz-300x91.png\" alt=\"\" width=\"300\" height=\"91\" srcset=\"https:\/\/zrz.si\/wp-content\/uploads\/2024\/12\/zemljevid-zrz-300x91.png 300w, https:\/\/zrz.si\/wp-content\/uploads\/2024\/12\/zemljevid-zrz.png 540w\" sizes=\"(max-width: 300px) 100vw, 300px\" \/><\/p>\n<p>&nbsp;<\/p>\n","protected":false},"excerpt":{"rendered":"<p>Zdru\u017eenje za razvoj znanja Kardeljeva plo\u0161\u010dad 1 1000 Ljubljana Tel: 00 386 1 2927261 Fax: 00 306 1 2927262 e-mail: info@zrz.si www.zrz.si Poreski broj: SI20470193 Broj registra: 4029640000 Transakcijski ra\u010dun: SI56 0201 1025 9237 946, NLB dd Kako do nas? Pogled na ulicu: pogled sa Kardeljeva plo\u0161\u010dad pogled sa Dunajske ceste (kliknite na mapu) &nbsp;<\/p>\n","protected":false},"author":1,"featured_media":0,"parent":0,"menu_order":0,"comment_status":"closed","ping_status":"closed","template":"","meta":{"_acf_changed":false,"footnotes":""},"class_list":["post-1703","page","type-page","status-publish","hentry"],"acf":[],"_links":{"self":[{"href":"https:\/\/zrz.si\/bs\/wp-json\/wp\/v2\/pages\/1703","targetHints":{"allow":["GET"]}}],"collection":[{"href":"https:\/\/zrz.si\/bs\/wp-json\/wp\/v2\/pages"}],"about":[{"href":"https:\/\/zrz.si\/bs\/wp-json\/wp\/v2\/types\/page"}],"author":[{"embeddable":true,"href":"https:\/\/zrz.si\/bs\/wp-json\/wp\/v2\/users\/1"}],"replies":[{"embeddable":true,"href":"https:\/\/zrz.si\/bs\/wp-json\/wp\/v2\/comments?post=1703"}],"version-history":[{"count":1,"href":"https:\/\/zrz.si\/bs\/wp-json\/wp\/v2\/pages\/1703\/revisions"}],"predecessor-version":[{"id":2149,"href":"https:\/\/zrz.si\/bs\/wp-json\/wp\/v2\/pages\/1703\/revisions\/2149"}],"wp:attachment":[{"href":"https:\/\/zrz.si\/bs\/wp-json\/wp\/v2\/media?parent=1703"}],"curies":[{"name":"wp","href":"https:\/\/api.w.org\/{rel}","templated":true}]}}