{"id":1706,"date":"2024-12-24T00:30:04","date_gmt":"2024-12-23T23:30:04","guid":{"rendered":"https:\/\/razvoj2.zrz.si\/partneri\/"},"modified":"2024-12-24T00:30:04","modified_gmt":"2024-12-23T23:30:04","slug":"partneri","status":"publish","type":"page","link":"https:\/\/zrz.si\/bs\/partneri\/","title":{"rendered":"Partneri"},"content":{"rendered":"<p>Svjesni smo va\u017enosti partnerstva u oblasti obrazovanja i obuke. Programi moraju odra\u017eavati potrebe poslodavaca ili tr\u017ei\u0161ta rada i kreirati u saradnji sa stru\u010dnjacima iz oblasti rada i obrazovanja. Na\u0161i strate\u0161ki partneri podr\u017eavaju na\u0161e napore u aktualizaciji znanja, vje\u0161tina i kompetencija, pa sudjeluju i u sadr\u017eajnom razvoju.   <\/p>\n<p><strong>Strate\u0161ki partneri:<\/strong><\/p>\n<p><img decoding=\"async\" class=\"alignnone size-medium wp-image-106\" src=\"https:\/\/razvoj2.zrz.si\/wp-content\/uploads\/2024\/12\/vssp.png\" alt=\"\" width=\"170\" height=\"54\"><img decoding=\"async\" class=\"alignnone size-medium wp-image-107\" src=\"https:\/\/razvoj2.zrz.si\/wp-content\/uploads\/2024\/12\/nok.png\" alt=\"\" width=\"170\" height=\"54\"><img decoding=\"async\" class=\"alignnone size-medium wp-image-105\" src=\"https:\/\/razvoj2.zrz.si\/wp-content\/uploads\/2024\/12\/ezs.png\" alt=\"\" width=\"170\" height=\"54\"><img loading=\"lazy\" decoding=\"async\" class=\"alignnone size-medium wp-image-103\" src=\"https:\/\/razvoj2.zrz.si\/wp-content\/uploads\/2024\/12\/forum-akademija.png\" alt=\"\" width=\"170\" height=\"54\"><img loading=\"lazy\" decoding=\"async\" class=\"alignnone size-medium wp-image-102\" src=\"https:\/\/razvoj2.zrz.si\/wp-content\/uploads\/2024\/12\/mcpz.png\" alt=\"\" width=\"170\" height=\"54\"><img loading=\"lazy\" decoding=\"async\" class=\"alignnone size-medium wp-image-101\" src=\"https:\/\/razvoj2.zrz.si\/wp-content\/uploads\/2024\/12\/obrtna-zbornica-logo.png\" alt=\"\" width=\"170\" height=\"54\"><img loading=\"lazy\" decoding=\"async\" class=\"alignnone size-medium wp-image-100\" src=\"https:\/\/razvoj2.zrz.si\/wp-content\/uploads\/2024\/12\/zdruzenje-delodajalcev.png\" alt=\"\" width=\"170\" height=\"54\"><img loading=\"lazy\" decoding=\"async\" class=\"alignnone size-full wp-image-99\" src=\"https:\/\/razvoj2.zrz.si\/wp-content\/uploads\/2024\/12\/elektrotehniska-zveza.png\" alt=\"\" width=\"170\" height=\"54\"><\/p>\n","protected":false},"excerpt":{"rendered":"<p>Svjesni smo va\u017enosti partnerstva u oblasti obrazovanja i obuke. Programi moraju odra\u017eavati potrebe poslodavaca ili tr\u017ei\u0161ta rada i kreirati u saradnji sa stru\u010dnjacima iz oblasti rada i obrazovanja. Na\u0161i strate\u0161ki partneri podr\u017eavaju na\u0161e napore u aktualizaciji znanja, vje\u0161tina i kompetencija, pa sudjeluju i u sadr\u017eajnom razvoju. Strate\u0161ki partneri:<\/p>\n","protected":false},"author":1,"featured_media":0,"parent":0,"menu_order":0,"comment_status":"closed","ping_status":"closed","template":"","meta":{"_acf_changed":false,"footnotes":""},"class_list":["post-1706","page","type-page","status-publish","hentry"],"acf":[],"_links":{"self":[{"href":"https:\/\/zrz.si\/bs\/wp-json\/wp\/v2\/pages\/1706","targetHints":{"allow":["GET"]}}],"collection":[{"href":"https:\/\/zrz.si\/bs\/wp-json\/wp\/v2\/pages"}],"about":[{"href":"https:\/\/zrz.si\/bs\/wp-json\/wp\/v2\/types\/page"}],"author":[{"embeddable":true,"href":"https:\/\/zrz.si\/bs\/wp-json\/wp\/v2\/users\/1"}],"replies":[{"embeddable":true,"href":"https:\/\/zrz.si\/bs\/wp-json\/wp\/v2\/comments?post=1706"}],"version-history":[{"count":0,"href":"https:\/\/zrz.si\/bs\/wp-json\/wp\/v2\/pages\/1706\/revisions"}],"wp:attachment":[{"href":"https:\/\/zrz.si\/bs\/wp-json\/wp\/v2\/media?parent=1706"}],"curies":[{"name":"wp","href":"https:\/\/api.w.org\/{rel}","templated":true}]}}