{"id":1707,"date":"2024-12-24T00:25:59","date_gmt":"2024-12-23T23:25:59","guid":{"rendered":"https:\/\/razvoj2.zrz.si\/misija-i-vizija\/"},"modified":"2024-12-24T00:25:59","modified_gmt":"2024-12-23T23:25:59","slug":"misija-i-vizija","status":"publish","type":"page","link":"https:\/\/zrz.si\/bs\/misija-i-vizija\/","title":{"rendered":"Misija i vizija"},"content":{"rendered":"<h2 style=\"text-align: justify;\"><strong>MISIJA<\/strong><\/h2>\n<p style=\"text-align: justify;\">Pra\u0107enjem trendova i potreba tr\u017ei\u0161ta rada promovi\u0161emo razvoj i napredak kompanije u kojoj poslujemo, brinemo o kontinuiranom stru\u010dnom usavr\u0161avanju kadrova i odr\u017eivom razvoju dru\u0161tva i privrede. Posve\u0107eni smo visokim standardima razvoja. <\/p>\n<p style=\"text-align: justify;\">U saradnji sa privredom i drugim organizacijama razvijamo savremene, fleksibilne i transparentne kvalifikacione strukture i dodatne kvalifikacije. U\u010destvujemo u inovativnim projektima u kojima razvijamo nova znanja, vje\u0161tine i kompetencije, nove inicijative i mogu\u0107nosti. <\/p>\n<p>&nbsp;<\/p>\n<h2 style=\"text-align: justify;\"><strong>VIZIJA<\/strong><\/h2>\n<p style=\"text-align: justify;\">Postat \u0107emo poveznik poslodavaca i njihovih organizacija u oblasti razvoja kadrova. Bi\u0107emo nosilac razvoja i integracije novih znanja, ve\u0161tina i kompetencija. <\/p>\n<p style=\"text-align: justify;\">Bi\u0107emo prepoznati po na\u0161em profesionalizmu, izvrsnosti i pouzdanosti.<\/p>\n<p>&nbsp;<\/p>\n<h2 style=\"text-align: justify;\"><strong>GLOBALNI CILJ<\/strong><\/h2>\n<p style=\"text-align: justify;\">Pra\u0107enjem potreba i stalnim razvojem novih obrazovnih sadr\u017eaja &#8211; pove\u0107ati konkurentnost korisnika na\u0161ih usluga.<\/p>\n<p>&nbsp;<\/p>\n<h2 style=\"text-align: justify;\"><strong>STRATE\u0160KI CILJEVI<\/strong><\/h2>\n<ul>\n<li>osigurati dostupnost profesionalnih kvalifikacija u cijeloj Sloveniji;<\/li>\n<li>pro\u0161iriti portfolio stru\u010dnih kvalifikacija;<\/li>\n<li>\u0161iriti vidljivost sistema profesionalnih kvalifikacija ZRZ van Slovenije;<\/li>\n<li>ja\u010danje strate\u0161ke veze sa privredom;<\/li>\n<li>pro\u0161iriti partnersku mre\u017eu u zemlji i inostranstvu;<\/li>\n<li>razviti nove vje\u0161tine i identificirati mogu\u0107nosti.<\/li>\n<\/ul>\n","protected":false},"excerpt":{"rendered":"<p>MISIJA Pra\u0107enjem trendova i potreba tr\u017ei\u0161ta rada promovi\u0161emo razvoj i napredak kompanije u kojoj poslujemo, brinemo o kontinuiranom stru\u010dnom usavr\u0161avanju kadrova i odr\u017eivom razvoju dru\u0161tva i privrede. Posve\u0107eni smo visokim standardima razvoja. U saradnji sa privredom i drugim organizacijama razvijamo savremene, fleksibilne i transparentne kvalifikacione strukture i dodatne kvalifikacije. U\u010destvujemo u inovativnim projektima u kojima [&hellip;]<\/p>\n","protected":false},"author":1,"featured_media":0,"parent":0,"menu_order":0,"comment_status":"closed","ping_status":"closed","template":"","meta":{"_acf_changed":false,"footnotes":""},"class_list":["post-1707","page","type-page","status-publish","hentry"],"acf":[],"_links":{"self":[{"href":"https:\/\/zrz.si\/bs\/wp-json\/wp\/v2\/pages\/1707","targetHints":{"allow":["GET"]}}],"collection":[{"href":"https:\/\/zrz.si\/bs\/wp-json\/wp\/v2\/pages"}],"about":[{"href":"https:\/\/zrz.si\/bs\/wp-json\/wp\/v2\/types\/page"}],"author":[{"embeddable":true,"href":"https:\/\/zrz.si\/bs\/wp-json\/wp\/v2\/users\/1"}],"replies":[{"embeddable":true,"href":"https:\/\/zrz.si\/bs\/wp-json\/wp\/v2\/comments?post=1707"}],"version-history":[{"count":0,"href":"https:\/\/zrz.si\/bs\/wp-json\/wp\/v2\/pages\/1707\/revisions"}],"wp:attachment":[{"href":"https:\/\/zrz.si\/bs\/wp-json\/wp\/v2\/media?parent=1707"}],"curies":[{"name":"wp","href":"https:\/\/api.w.org\/{rel}","templated":true}]}}