{"id":1708,"date":"2024-12-24T00:24:10","date_gmt":"2024-12-23T23:24:10","guid":{"rendered":"https:\/\/razvoj2.zrz.si\/proces-certifikacije-i-ispita\/"},"modified":"2024-12-24T00:24:10","modified_gmt":"2024-12-23T23:24:10","slug":"proces-certifikacije-i-ispita","status":"publish","type":"page","link":"https:\/\/zrz.si\/bs\/proces-certifikacije-i-ispita\/","title":{"rendered":"Proces certifikacije i ispita"},"content":{"rendered":"<p>Ovjera stru\u010dne spreme nije samo ispit pred komisijom, ve\u0107 cijeli proces od podno\u0161enja zahtjeva do dobijanja uvjerenja o stru\u010dnoj spremi. U postupku je va\u017eno da kandidati mogu dokazati dio stru\u010dne spreme, izuzetno stru\u010dnu spremu u cijelosti, uz odgovaraju\u0107u dodatnu ili opciona prate\u0107a dokumentacija prilo\u017eena uz prijavni obrazac. Obavezni dokumenti su oni kojima kandidat dokazuje da ispunjava uslove za pristup sertifikaciji, npr.<\/p>\n<ul>\n<li>dokaz o zavr\u0161enom obrazovanju,<\/li>\n<li>dokaz o prethodnom radnom iskustvu (radna knji\u017eica, ugovor o radu, preporuka, opis posla, izjava poslodavca i sl.),<\/li>\n<li>ostali sertifikati u skladu sa uslovima za pristupanje sertifikaciji prema SSKIK-u.<\/li>\n<\/ul>\n<p>&nbsp;<\/p>\n<p>Dodatni ili fakultativni dokazi su svi oni koji dokazuju znanja, vje\u0161tine i kompetencije upisane u standardu stru\u010dne kvalifikacije. Dodatni dokazi moraju biti novijeg porijekla i moraju se odnositi na kandidata. ZRZ nudi pomo\u0107 u prikupljanju dodatnih dokaza. Dodatni dokaz mo\u017ee biti: <\/p>\n<ul>\n<li>uvjerenje o radnom i drugom iskustvu izdato od strane poslodavca ili njegov zvani\u010dni predstavnik, <\/li>\n<li>referentna dokumentacija o radu kandidata,<\/li>\n<li>uvjerenje o u\u010de\u0161\u0107u i zavr\u0161etku formalnog i neformalnog obrazovanja ili obuke,<\/li>\n<li>proizvod, model, program itd.,<\/li>\n<li>pisani proizvod koji kandidat priprema na radnom mestu (npr. zavr\u0161en projekat, plan, razvojni zadatak, istra\u017eivanje, elaborat, rad, analiza, esej, evaluacioni izve\u0161taj, prevod teksta, zavr\u0161ni ra\u010dun malog preduze\u0107a, kadrovski plan preduze\u0107a itd.),<\/li>\n<li>fotografije i video zapisi rada ili usluge na radnom mestu, <\/li>\n<li>dokaze o primljenim nagradama ili nagrade sa takmi\u010denja koja su sadr\u017eajno vezana za dodatnu kvalifikaciju, <\/li>\n<li>autorstvo ili koautorstvo \u010dlanaka, knjiga i drugih publikacija,<\/li>\n<li>patent itd.<\/li>\n<\/ul>\n<p>&nbsp;<\/p>\n<p>Prikupljanje dodatnih dokaza za potvrdu stru\u010dne kvalifikacije ima smisla ako kandidat ima posao, konje, u\u010de\u0161\u0107e na obukama ili tokom obuke stekao relevantna znanja, vje\u0161tine i kompetencije koje mo\u017ee dokazati. Sam ispit se zasniva na ispitnom katalogu. Tokom polaganja ispita tro\u010dlana ispitna komisija provjerava znanje, vje\u0161tine i kompetencije kandidata. Ukoliko kandidat dokazuje dio znanja, vje\u0161tina i kompetencija dodatnim dokazima, onda ispit ne pola\u017ee u cijelosti, ve\u0107 samo za preostali dio. Certifikacija je dakle: <\/p>\n<ul>\n<li>pregled i potvrda dodatne prate\u0107e dokumentacije;<\/li>\n<li>ispit;<\/li>\n<li>naj\u010de\u0161\u0107e kombinacija provjere dokumenata i ispita.<\/li>\n<\/ul>\n<p>&nbsp;<\/p>\n<p><strong><a href=\"https:\/\/razvoj2.zrz.si\/wp-content\/uploads\/2025\/01\/Primer-certifikata_SLO_ENG.pdf\">Primjer-certifikat_SLO_ENG<\/a><\/strong><\/p>\n<p>Certifikat koji kandidati dobijaju je referentni dokument koji dokazuje odre\u0111ene kompetencije, znanja i vje\u0161tine. To nije javna potvrda sa kojom mo\u017eete nastaviti \u0161kolovanje na vi\u0161em nivou, ve\u0107 sertifikat koji pove\u0107ava mogu\u0107nosti zapo\u0161ljavanja i omogu\u0107ava zapo\u0161ljavanje u odre\u0111enim oblastima. <\/p>\n<p>&nbsp;<\/p>\n<h2><strong>PROCES CERTIFIKACIJE<\/strong><\/h2>\n<div id='gallery-1' class='gallery galleryid-1708 gallery-columns-1 gallery-size-full'><figure class='gallery-item'>\n\t\t\t<div class='gallery-icon landscape'>\n\t\t\t\t<a href='https:\/\/zrz.si\/wp-content\/uploads\/2024\/12\/Potek-certificiranja.png'><img fetchpriority=\"high\" decoding=\"async\" width=\"886\" height=\"750\" src=\"https:\/\/zrz.si\/wp-content\/uploads\/2024\/12\/Potek-certificiranja.png\" class=\"attachment-full size-full\" alt=\"\" srcset=\"https:\/\/zrz.si\/wp-content\/uploads\/2024\/12\/Potek-certificiranja.png 886w, https:\/\/zrz.si\/wp-content\/uploads\/2024\/12\/Potek-certificiranja-300x254.png 300w, https:\/\/zrz.si\/wp-content\/uploads\/2024\/12\/Potek-certificiranja-768x650.png 768w\" sizes=\"(max-width: 886px) 100vw, 886px\" \/><\/a>\n\t\t\t<\/div><\/figure>\n\t\t<\/div>\n\n<p>&nbsp;<\/p>\n<h2><strong>PRIGOVORI I \u017dALBE<\/strong><\/h2>\n<p>Kandidat ima pravo prigovora na rad ispitne komisije. Mo\u017ee se podnijeti u roku od tri dana od prijema obavje\u0161tenja o necertificiranju. Komisija odlu\u010duje o prigovoru najkasnije pet dana od dana prijema prigovora ili dodatnih informacija, u suprotnom mo\u017ee potvrditi odluku prvobitne komisije, mo\u017ee narediti izdavanje uvjerenja ili ponavljanje ispita. Druga fizi\u010dka ili pravna lica (npr. klijenti, poslodavci i dr.) mogu podnijeti prigovor na profesionalnost ili kvalitet rada nosioca uvjerenja o stru\u010dnoj spremi ZRZ, a koji se odnose na sadr\u017eaj stru\u010dne kvalifikacije. Komisija odlu\u010duje o prigovoru najkasnije u roku od pet dana od dana prijema prigovora ili dodatnih informacija, u protivnom mo\u017ee utvrditi da je prigovor neosnovan, a u slu\u010daju osnovanog prigovora mo\u017ee privremeno ili trajno oduzeti potvrdu od dr\u017ea\u010d.  <\/p>\n","protected":false},"excerpt":{"rendered":"<p>Ovjera stru\u010dne spreme nije samo ispit pred komisijom, ve\u0107 cijeli proces od podno\u0161enja zahtjeva do dobijanja uvjerenja o stru\u010dnoj spremi. U postupku je va\u017eno da kandidati mogu dokazati dio stru\u010dne spreme, izuzetno stru\u010dnu spremu u cijelosti, uz odgovaraju\u0107u dodatnu ili opciona prate\u0107a dokumentacija prilo\u017eena uz prijavni obrazac. Obavezni dokumenti su oni kojima kandidat dokazuje da [&hellip;]<\/p>\n","protected":false},"author":1,"featured_media":0,"parent":0,"menu_order":0,"comment_status":"closed","ping_status":"closed","template":"","meta":{"_acf_changed":false,"footnotes":""},"class_list":["post-1708","page","type-page","status-publish","hentry"],"acf":[],"_links":{"self":[{"href":"https:\/\/zrz.si\/bs\/wp-json\/wp\/v2\/pages\/1708","targetHints":{"allow":["GET"]}}],"collection":[{"href":"https:\/\/zrz.si\/bs\/wp-json\/wp\/v2\/pages"}],"about":[{"href":"https:\/\/zrz.si\/bs\/wp-json\/wp\/v2\/types\/page"}],"author":[{"embeddable":true,"href":"https:\/\/zrz.si\/bs\/wp-json\/wp\/v2\/users\/1"}],"replies":[{"embeddable":true,"href":"https:\/\/zrz.si\/bs\/wp-json\/wp\/v2\/comments?post=1708"}],"version-history":[{"count":0,"href":"https:\/\/zrz.si\/bs\/wp-json\/wp\/v2\/pages\/1708\/revisions"}],"wp:attachment":[{"href":"https:\/\/zrz.si\/bs\/wp-json\/wp\/v2\/media?parent=1708"}],"curies":[{"name":"wp","href":"https:\/\/api.w.org\/{rel}","templated":true}]}}