{"id":1709,"date":"2024-12-24T00:25:12","date_gmt":"2024-12-23T23:25:12","guid":{"rendered":"https:\/\/razvoj2.zrz.si\/prava-kandidata\/"},"modified":"2024-12-24T00:25:12","modified_gmt":"2024-12-23T23:25:12","slug":"prava-kandidata","status":"publish","type":"page","link":"https:\/\/zrz.si\/bs\/prava-kandidata\/","title":{"rendered":"Prava kandidata"},"content":{"rendered":"<ul>\n<li>Mole se kandidati da popune prijavne formulare i sadr\u017eaj ovjere.<\/li>\n<li>Kandidati se obavje\u0161tavaju o datumu, mjestu, sadr\u017eaju ispita i o pla\u0107anju tro\u0161kova.<\/li>\n<li>Obavje\u0161tavaju se kandidati koji ne ispunjavaju uslove za ovjeru.<\/li>\n<li>Na obavje\u0161tenje iz prethodnog stava kandidati mogu podnijeti prigovor.<\/li>\n<li>Kandidati sa posebnim potrebama imaju pravo prilago\u0111avanja ispita.<\/li>\n<li>Na Obavje\u0161tenje o neispunjavanju uslova za pristup sertifikaciji kandidati imaju pravo prigovora u roku od 3 dana od dana prijema odluke.<\/li>\n<li>Kandidati mogu imati prigovor na rad ispitne komisije.<\/li>\n<li>Ukoliko kandidat iz opravdanih razloga ne mo\u017ee pristupiti ispitu ili ga prekine, upla\u0107ena taksa \u0107e mu se vratiti, umanjena za nastale tro\u0161kove.<\/li>\n<li>Cijeli ispit mo\u017ee trajati najvi\u0161e 240 minuta.<\/li>\n<li>Kandidat ima pravo na 15 minuta pripreme prije polaganja usmenog ispita.<\/li>\n<li>  ZRZ ili akreditovana organizacija pismeno obavje\u0161tava kandidata o uspjehu na ispitu najkasnije osam dana od dana polaganja pismenog ispita. <\/li>\n<li>Ocjena usmenog ispita se saop\u0161tava kandidatu odmah nakon polo\u017eenog usmenog ispita.<\/li>\n<li>Kandidat ima pravo na uvid u ispitnu dokumentaciju.<\/li>\n<li>Kandidat se mo\u017ee prijaviti na ispit vi\u0161e puta dok ne doka\u017ee svoju sposobnost.<\/li>\n<\/ul>\n","protected":false},"excerpt":{"rendered":"<p>Mole se kandidati da popune prijavne formulare i sadr\u017eaj ovjere. Kandidati se obavje\u0161tavaju o datumu, mjestu, sadr\u017eaju ispita i o pla\u0107anju tro\u0161kova. Obavje\u0161tavaju se kandidati koji ne ispunjavaju uslove za ovjeru. Na obavje\u0161tenje iz prethodnog stava kandidati mogu podnijeti prigovor. Kandidati sa posebnim potrebama imaju pravo prilago\u0111avanja ispita. Na Obavje\u0161tenje o neispunjavanju uslova za pristup [&hellip;]<\/p>\n","protected":false},"author":1,"featured_media":0,"parent":0,"menu_order":0,"comment_status":"closed","ping_status":"closed","template":"","meta":{"_acf_changed":false,"footnotes":""},"class_list":["post-1709","page","type-page","status-publish","hentry"],"acf":[],"_links":{"self":[{"href":"https:\/\/zrz.si\/bs\/wp-json\/wp\/v2\/pages\/1709","targetHints":{"allow":["GET"]}}],"collection":[{"href":"https:\/\/zrz.si\/bs\/wp-json\/wp\/v2\/pages"}],"about":[{"href":"https:\/\/zrz.si\/bs\/wp-json\/wp\/v2\/types\/page"}],"author":[{"embeddable":true,"href":"https:\/\/zrz.si\/bs\/wp-json\/wp\/v2\/users\/1"}],"replies":[{"embeddable":true,"href":"https:\/\/zrz.si\/bs\/wp-json\/wp\/v2\/comments?post=1709"}],"version-history":[{"count":0,"href":"https:\/\/zrz.si\/bs\/wp-json\/wp\/v2\/pages\/1709\/revisions"}],"wp:attachment":[{"href":"https:\/\/zrz.si\/bs\/wp-json\/wp\/v2\/media?parent=1709"}],"curies":[{"name":"wp","href":"https:\/\/api.w.org\/{rel}","templated":true}]}}