{"id":1710,"date":"2024-12-24T00:20:49","date_gmt":"2024-12-23T23:20:49","guid":{"rendered":"https:\/\/razvoj2.zrz.si\/spisak-strucnih-kvalifikacija\/"},"modified":"2024-12-24T00:20:49","modified_gmt":"2024-12-23T23:20:49","slug":"spisak-strucnih-kvalifikacija","status":"publish","type":"page","link":"https:\/\/zrz.si\/bs\/profesionalne-kvalifikacije\/spisak-strucnih-kvalifikacija\/","title":{"rendered":"Spisak stru\u010dnih kvalifikacija"},"content":{"rendered":"<p>Spisak profesionalnih kvalifikacija (odaberite polje)<\/p>\n<ul>\n<li><strong><a href=\"https:\/\/zrz.si\/strokovne-kvalifikacije\/seznam-strokovnih-kvalifikacij\/elektricna-varnost\/\">Elektri\u010dna sigurnost<\/a><\/strong><\/li>\n<li><strong><a title=\"Energetika\" href=\"https:\/\/zrz.si\/strokovne-kvalifikacije\/seznam-strokovnih-kvalifikacij\/energetika\/\">Energetika<\/a><\/strong><\/li>\n<li><a href=\"https:\/\/zrz.si\/strokovne-kvalifikacije\/seznam-strokovnih-kvalifikacij\/finance-racunovodstvo\/\"><strong>Finansije, ra\u010dunovodstvo<\/strong><\/a><\/li>\n<li><strong><a href=\"https:\/\/zrz.si\/strokovne-kvalifikacije\/seznam-strokovnih-kvalifikacij\/gostinstvo-turizem\/\">Ugostiteljstvo, turizam<\/a><\/strong><\/li>\n<li><strong><a href=\"https:\/\/zrz.si\/strokovne-kvalifikacije\/seznam-strokovnih-kvalifikacij\/gradbenistvo\/\">Izgradnja<\/a><\/strong><\/li>\n<li><a href=\"https:\/\/zrz.si\/strokovne-kvalifikacije\/seznam-strokovnih-kvalifikacij\/hrm\/\"><strong>HRM<\/strong><\/a><\/li>\n<li><a href=\"https:\/\/zrz.si\/strokovne-kvalifikacije\/seznam-strokovnih-kvalifikacij\/logistika\/\"><strong>Logistika<\/strong><\/a><\/li>\n<li><a href=\"https:\/\/zrz.si\/strokovne-kvalifikacije\/seznam-strokovnih-kvalifikacij\/proizvodnja\/\"><strong>Proizvodnja<\/strong><\/a><\/li>\n<li><a href=\"https:\/\/zrz.si\/strokovne-kvalifikacije\/seznam-strokovnih-kvalifikacij\/racunalnistvo-informatika\/\"><strong>Ra\u010dunarstvo, informatika<\/strong><\/a><\/li>\n<li><a href=\"https:\/\/zrz.si\/strokovne-kvalifikacije\/seznam-strokovnih-kvalifikacij\/storitve\/\"><strong>Usluge<\/strong><\/a><\/li>\n<li><a href=\"https:\/\/zrz.si\/strokovne-kvalifikacije\/seznam-strokovnih-kvalifikacij\/trajnostni-razvoj\/\"><strong>Odr\u017eivi razvoj<\/strong><\/a><\/li>\n<li><a href=\"https:\/\/zrz.si\/strokovne-kvalifikacije\/seznam-strokovnih-kvalifikacij\/trgovina-trzenje\/\"><strong>Trgovina, marketing<\/strong><\/a><\/li>\n<li><strong><a href=\"https:\/\/zrz.si\/strokovne-kvalifikacije\/seznam-strokovnih-kvalifikacij\/vodenje\/\">Liderstvo, upravljanje<\/a><\/strong><\/li>\n<\/ul>\n","protected":false},"excerpt":{"rendered":"<p>Spisak profesionalnih kvalifikacija (odaberite polje) Elektri\u010dna sigurnost Energetika Finansije, ra\u010dunovodstvo Ugostiteljstvo, turizam Izgradnja HRM Logistika Proizvodnja Ra\u010dunarstvo, informatika Usluge Odr\u017eivi razvoj Trgovina, marketing Liderstvo, upravljanje<\/p>\n","protected":false},"author":1,"featured_media":0,"parent":1733,"menu_order":0,"comment_status":"closed","ping_status":"closed","template":"","meta":{"_acf_changed":false,"footnotes":""},"class_list":["post-1710","page","type-page","status-publish","hentry"],"acf":[],"_links":{"self":[{"href":"https:\/\/zrz.si\/bs\/wp-json\/wp\/v2\/pages\/1710","targetHints":{"allow":["GET"]}}],"collection":[{"href":"https:\/\/zrz.si\/bs\/wp-json\/wp\/v2\/pages"}],"about":[{"href":"https:\/\/zrz.si\/bs\/wp-json\/wp\/v2\/types\/page"}],"author":[{"embeddable":true,"href":"https:\/\/zrz.si\/bs\/wp-json\/wp\/v2\/users\/1"}],"replies":[{"embeddable":true,"href":"https:\/\/zrz.si\/bs\/wp-json\/wp\/v2\/comments?post=1710"}],"version-history":[{"count":0,"href":"https:\/\/zrz.si\/bs\/wp-json\/wp\/v2\/pages\/1710\/revisions"}],"up":[{"embeddable":true,"href":"https:\/\/zrz.si\/bs\/wp-json\/wp\/v2\/pages\/1733"}],"wp:attachment":[{"href":"https:\/\/zrz.si\/bs\/wp-json\/wp\/v2\/media?parent=1710"}],"curies":[{"name":"wp","href":"https:\/\/api.w.org\/{rel}","templated":true}]}}