{"id":1712,"date":"2025-01-05T17:25:20","date_gmt":"2025-01-05T16:25:20","guid":{"rendered":"https:\/\/razvoj2.zrz.si\/spisak-strucnih-kvalifikacija\/finansije-racunovodstvo\/"},"modified":"2025-01-05T17:25:20","modified_gmt":"2025-01-05T16:25:20","slug":"finansije-racunovodstvo","status":"publish","type":"page","link":"https:\/\/zrz.si\/bs\/profesionalne-kvalifikacije\/spisak-strucnih-kvalifikacija\/finansije-racunovodstvo\/","title":{"rendered":"Finansije, ra\u010dunovodstvo"},"content":{"rendered":"<p>Spisak stru\u010dnih kvalifikacija<\/p>\n<table width=\"645\">\n<tbody>\n<tr>\n<td width=\"468\"><strong>PREGLED<\/strong><\/td>\n<td width=\"177\"><strong>Nosioci sertifikata<\/strong><\/td>\n<\/tr>\n<tr>\n<td width=\"468\">Poznavanje rada na ra\u010dunaru za rad u knjigovodstvu<\/td>\n<td width=\"177\">RK-Knj<\/td>\n<\/tr>\n<tr>\n<td width=\"468\"><a href=\"http:\/\/zrz.si\/seznam-strokovnih-kvalifikacij\/finance-racunovodstvo\/izpit-strokovnjak-za-davcno-zakonodajo\/\">Stru\u010dnjak za poresko zakonodavstvo, K-6\/2<\/a><\/td>\n<td width=\"177\"><a href=\"http:\/\/zrz.si\/seznam-strokovnih-kvalifikacij\/finance-racunovodstvo\/izpit-strokovnjak-za-davcno-zakonodajo\/seznam-imetnikov-certifikatov-strokovnjak-za-davcno-zakonodajo\/\">SDZ<\/a><\/td>\n<\/tr>\n<tr>\n<td width=\"468\"><a href=\"http:\/\/zrz.si\/seznam-strokovnih-kvalifikacij\/finance-racunovodstvo\/izpit-strokovnjak-za-financni-kontroling\/\">Stru\u010dnjak finansijskog kontrolinga, K-6\/1<\/a><\/td>\n<td width=\"177\"><a href=\"http:\/\/zrz.si\/seznam-strokovnih-kvalifikacij\/finance-racunovodstvo\/izpit-strokovnjak-za-financni-kontroling\/seznam-imetnikov-certifikatov-strokovnjak-strokovnjakinja-za-financni-kontoling\/\">SFK<\/a><\/td>\n<\/tr>\n<tr>\n<td width=\"468\"><a href=\"http:\/\/zrz.si\/seznam-strokovnih-kvalifikacij\/finance-racunovodstvo\/izpit-strokovnjak-za-racunovodstvo\/\">Specijalista ra\u010dunovodstva, K-6\/3<\/a><\/td>\n<td width=\"177\"><a href=\"http:\/\/zrz.si\/seznam-strokovnih-kvalifikacij\/finance-racunovodstvo\/izpit-strokovnjak-za-racunovodstvo\/seznam-imetnikov-certifikatov-strokovnjak-za-racunovodstvo\/\">Sranje<\/a><\/td>\n<\/tr>\n<tr>\n<td width=\"468\"><a href=\"http:\/\/zrz.si\/seznam-strokovnih-kvalifikacij\/finance-racunovodstvo\/izpit-racunovodjaracunovodkinja-za-izvajanje-racunovodskih-del-v-malih-in-srednjih-podjetjih-racunovodskih-servisih-in-v-javnem-sektorju-k-65\/\">Ra\u010dunovo\u0111a za obavljanje ra\u010dunovodstvenih poslova u malim i srednjim preduze\u0107ima, ra\u010dunovodstvenim uslugama iu javnom sektoru<\/a><\/td>\n<td width=\"177\"><a href=\"http:\/\/zrz.si\/seznam-strokovnih-kvalifikacij\/finance-racunovodstvo\/izpit-racunovodjaracunovodkinja-za-izvajanje-racunovodskih-del-v-malih-in-srednjih-podjetjih-racunovodskih-servisih-in-v-javnem-sektorju-k-65\/seznam-imetnikov-certifikatov-racunovodja-za-izvajanje-racunovodskih-del-v-malih-in-srednjih-podjetjih-racunovodskih-servisih-in-javnem-sektorju-k-65\/\">Ra\u010dMSPJS<\/a><\/td>\n<\/tr>\n<tr>\n<td width=\"468\"><a href=\"http:\/\/zrz.si\/seznam-strokovnih-kvalifikacij\/finance-racunovodstvo\/izpit-usposobljena-oseba-za-knjigovodska-dela-k-51\/\">Kvalificirana osoba za knjigovodstvene poslove<\/a><\/td>\n<td width=\"177\"><a href=\"http:\/\/zrz.si\/seznam-strokovnih-kvalifikacij\/finance-racunovodstvo\/izpit-usposobljena-oseba-za-knjigovodska-dela-k-51\/seznam-imetnikov-certifikatov-usposobljena-oseba-za-knjigovodska-dela-k-51\/\">UKD<\/a><\/td>\n<\/tr>\n<\/tbody>\n<\/table>\n","protected":false},"excerpt":{"rendered":"<p>Spisak stru\u010dnih kvalifikacija PREGLED Nosioci sertifikata Poznavanje rada na ra\u010dunaru za rad u knjigovodstvu RK-Knj Stru\u010dnjak za poresko zakonodavstvo, K-6\/2 SDZ Stru\u010dnjak finansijskog kontrolinga, K-6\/1 SFK Specijalista ra\u010dunovodstva, K-6\/3 Sranje Ra\u010dunovo\u0111a za obavljanje ra\u010dunovodstvenih poslova u malim i srednjim preduze\u0107ima, ra\u010dunovodstvenim uslugama iu javnom sektoru Ra\u010dMSPJS Kvalificirana osoba za knjigovodstvene poslove UKD<\/p>\n","protected":false},"author":1,"featured_media":0,"parent":1710,"menu_order":0,"comment_status":"closed","ping_status":"closed","template":"","meta":{"_acf_changed":false,"footnotes":""},"class_list":["post-1712","page","type-page","status-publish","hentry"],"acf":[],"_links":{"self":[{"href":"https:\/\/zrz.si\/bs\/wp-json\/wp\/v2\/pages\/1712","targetHints":{"allow":["GET"]}}],"collection":[{"href":"https:\/\/zrz.si\/bs\/wp-json\/wp\/v2\/pages"}],"about":[{"href":"https:\/\/zrz.si\/bs\/wp-json\/wp\/v2\/types\/page"}],"author":[{"embeddable":true,"href":"https:\/\/zrz.si\/bs\/wp-json\/wp\/v2\/users\/1"}],"replies":[{"embeddable":true,"href":"https:\/\/zrz.si\/bs\/wp-json\/wp\/v2\/comments?post=1712"}],"version-history":[{"count":0,"href":"https:\/\/zrz.si\/bs\/wp-json\/wp\/v2\/pages\/1712\/revisions"}],"up":[{"embeddable":true,"href":"https:\/\/zrz.si\/bs\/wp-json\/wp\/v2\/pages\/1710"}],"wp:attachment":[{"href":"https:\/\/zrz.si\/bs\/wp-json\/wp\/v2\/media?parent=1712"}],"curies":[{"name":"wp","href":"https:\/\/api.w.org\/{rel}","templated":true}]}}