{"id":1713,"date":"2024-12-24T00:17:54","date_gmt":"2024-12-23T23:17:54","guid":{"rendered":"https:\/\/razvoj2.zrz.si\/zasto-profesionalne-kvalifikacije\/"},"modified":"2024-12-24T00:17:54","modified_gmt":"2024-12-23T23:17:54","slug":"zasto-profesionalne-kvalifikacije","status":"publish","type":"page","link":"https:\/\/zrz.si\/bs\/zasto-profesionalne-kvalifikacije\/","title":{"rendered":"Za\u0161to profesionalne kvalifikacije"},"content":{"rendered":"<h2 style=\"text-align: justify;\"><strong>ZA FIZI\u010cKE<\/strong><\/h2>\n<ul style=\"text-align: justify;\">\n<li style=\"text-align: left;\">profesionalne kvalifikacije omogu\u0107avaju brzo prilago\u0111avanje tr\u017ei\u0161nim uslovima i potrebama poslodavaca<\/li>\n<li style=\"text-align: left;\">sertifikat dokazuje osposobljenost za obavljanje odre\u0111enog posla i samim tim omogu\u0107ava ili ve\u0107a mogu\u0107nost zaposlenja, <\/li>\n<li style=\"text-align: left;\">profesionalne kvalifikacije omogu\u0107avaju li\u010dni i profesionalni razvoj,<\/li>\n<li style=\"text-align: left;\">profesionalne kvalifikacije dokazuju cjelo\u017eivotno u\u010denje, pove\u0107avaju dru\u0161tvenu mre\u017eu i uklju\u010denost te pove\u0107avaju motivaciju za uklju\u010divanje u dalje obrazovanje.<\/li>\n<\/ul>\n<h2 style=\"text-align: justify;\"><strong><br \/>\nZA POSLODAVCE<\/strong><\/h2>\n<ul>\n<li style=\"text-align: left;\">brzo prilago\u0111avanje kvalifikacija i internih kvalifikacionih struktura trendovima razvoja<\/li>\n<li style=\"text-align: left;\">prilago\u0111avanje i a\u017euriranje kompetencija kolega<\/li>\n<li style=\"text-align: left;\">rje\u0161avanje problema deficita unutar organizacije i industrije<\/li>\n<li style=\"text-align: left;\">transparentnost postoje\u0107ih kompetencija, uvo\u0111enje dinami\u010dke kvalifikacione strukture i omogu\u0107avanje brze zamjene odsutnih kolega<\/li>\n<\/ul>\n","protected":false},"excerpt":{"rendered":"<p>ZA FIZI\u010cKE profesionalne kvalifikacije omogu\u0107avaju brzo prilago\u0111avanje tr\u017ei\u0161nim uslovima i potrebama poslodavaca sertifikat dokazuje osposobljenost za obavljanje odre\u0111enog posla i samim tim omogu\u0107ava ili ve\u0107a mogu\u0107nost zaposlenja, profesionalne kvalifikacije omogu\u0107avaju li\u010dni i profesionalni razvoj, profesionalne kvalifikacije dokazuju cjelo\u017eivotno u\u010denje, pove\u0107avaju dru\u0161tvenu mre\u017eu i uklju\u010denost te pove\u0107avaju motivaciju za uklju\u010divanje u dalje obrazovanje. ZA POSLODAVCE brzo [&hellip;]<\/p>\n","protected":false},"author":1,"featured_media":0,"parent":0,"menu_order":0,"comment_status":"closed","ping_status":"closed","template":"","meta":{"_acf_changed":false,"footnotes":""},"class_list":["post-1713","page","type-page","status-publish","hentry"],"acf":[],"_links":{"self":[{"href":"https:\/\/zrz.si\/bs\/wp-json\/wp\/v2\/pages\/1713","targetHints":{"allow":["GET"]}}],"collection":[{"href":"https:\/\/zrz.si\/bs\/wp-json\/wp\/v2\/pages"}],"about":[{"href":"https:\/\/zrz.si\/bs\/wp-json\/wp\/v2\/types\/page"}],"author":[{"embeddable":true,"href":"https:\/\/zrz.si\/bs\/wp-json\/wp\/v2\/users\/1"}],"replies":[{"embeddable":true,"href":"https:\/\/zrz.si\/bs\/wp-json\/wp\/v2\/comments?post=1713"}],"version-history":[{"count":0,"href":"https:\/\/zrz.si\/bs\/wp-json\/wp\/v2\/pages\/1713\/revisions"}],"wp:attachment":[{"href":"https:\/\/zrz.si\/bs\/wp-json\/wp\/v2\/media?parent=1713"}],"curies":[{"name":"wp","href":"https:\/\/api.w.org\/{rel}","templated":true}]}}