{"id":1952,"date":"2024-12-24T00:27:12","date_gmt":"2024-12-23T23:27:12","guid":{"rendered":"https:\/\/razvoj2.zrz.si\/saradnja-sa-zrz-om\/"},"modified":"2024-12-24T00:27:12","modified_gmt":"2024-12-23T23:27:12","slug":"saradnja-sa-zrz-om","status":"publish","type":"page","link":"https:\/\/zrz.si\/bs\/saradnja-sa-zrz-om\/","title":{"rendered":"Saradnja sa ZRZ-om"},"content":{"rendered":"<h2 id=\"tw-target-text\" class=\"tw-data-text tw-text-large tw-ta\" dir=\"ltr\" data-placeholder=\"Prevod\" data-ved=\"2ahUKEwi_otihjoaLAxV0ywIHHZ7AEooQ3ewLegQIChAU\" aria-label=\"Prevedeno besedilo: POSLODAVCI\nKod poslodavaca ili sara\u0111ujemo sa njihovim udru\u017eenjima u utvr\u0111ivanju potreba tr\u017ei\u0161ta rada u pogledu vje\u0161tina i kompetencija i definisanju dodatnih kvalifikacija. Poslodavci ili Udru\u017eenja poslodavaca su, u skladu sa internim aktima Udru\u017eenja za razvoj znanja, odgovorna za su\u0161tinsko odobravanje Standarda dokvalifikacije i ispitnih kataloga i za odre\u0111ivanje \u010dlanova ispitnih odbora i ispitnih komisija. Time se osigurava visok kvalitet rada i garancija da nosioci dodatnih uvjerenja o kvalifikaciji ispunjavaju propisane standarde.\n\nNACIONALNI \u0160TAB\nBudu\u0107i da su dodatne kvalifikacije priznate od strane poslodavaca koji posluju na me\u0111unarodnom tr\u017ei\u0161tu, mogu\u0107 je transfer dodatnih kvalifikacija iu druge nacionalne sredine, ako je potrebno.\n\nNacionalni \u0161tabovi, koji imaju ugovor sa udru\u017eenjem za razvoj znanja, brinu se o lokalizaciji (prilago\u0111avanju nacionalnom zakonodavstvu i tr\u017ei\u0161tu rada) i implementaciji dodatnih kvalifikacija, vode\u0107i ra\u010duna o okvirima i pravilima sistema dokvalifikacija, te sprovode izdaju potvrdu o dodatnim kvalifikacijama.\n\nPru\u017eaoci obuke\nKandidati mogu ste\u0107i dodatne kvalifikacije kroz radno iskustvo, a mogu i poha\u0111ati obuku za dodatne kvalifikacije. Zato \u0161to Udru\u017eenje za razvoj znanja vr\u0161i ovjeru dodatnih kvalifikacija odn ispite, ove obuke ne sprovodi Udru\u017eenje, ali za to ima organizovanu mre\u017eu ponu\u0111a\u010da, a to mogu biti \u0161kole, ustanove koje pru\u017eaju obrazovanje odraslih, kompanije i sli\u010dne organizacije koje ispunjavaju materijalne uslove navedene u Katalozima za pojedina\u010dne dodatne kvalifikacije.\n\nUkoliko ste zainteresovani za ovakav vid saradnje, kontaktirajte nas.\"><span class=\"Y2IQFc\" lang=\"bs\">POSLODAVCI<\/span><\/h2>\n<p class=\"tw-data-text tw-text-large tw-ta\" dir=\"ltr\" data-placeholder=\"Prevod\" data-ved=\"2ahUKEwi_otihjoaLAxV0ywIHHZ7AEooQ3ewLegQIChAU\" aria-label=\"Prevedeno besedilo: POSLODAVCI\nKod poslodavaca ili sara\u0111ujemo sa njihovim udru\u017eenjima u utvr\u0111ivanju potreba tr\u017ei\u0161ta rada u pogledu vje\u0161tina i kompetencija i definisanju dodatnih kvalifikacija. Poslodavci ili Udru\u017eenja poslodavaca su, u skladu sa internim aktima Udru\u017eenja za razvoj znanja, odgovorna za su\u0161tinsko odobravanje Standarda dokvalifikacije i ispitnih kataloga i za odre\u0111ivanje \u010dlanova ispitnih odbora i ispitnih komisija. Time se osigurava visok kvalitet rada i garancija da nosioci dodatnih uvjerenja o kvalifikaciji ispunjavaju propisane standarde.\n\nNACIONALNI \u0160TAB\nBudu\u0107i da su dodatne kvalifikacije priznate od strane poslodavaca koji posluju na me\u0111unarodnom tr\u017ei\u0161tu, mogu\u0107 je transfer dodatnih kvalifikacija iu druge nacionalne sredine, ako je potrebno.\n\nNacionalni \u0161tabovi, koji imaju ugovor sa udru\u017eenjem za razvoj znanja, brinu se o lokalizaciji (prilago\u0111avanju nacionalnom zakonodavstvu i tr\u017ei\u0161tu rada) i implementaciji dodatnih kvalifikacija, vode\u0107i ra\u010duna o okvirima i pravilima sistema dokvalifikacija, te sprovode izdaju potvrdu o dodatnim kvalifikacijama.\n\nPru\u017eaoci obuke\nKandidati mogu ste\u0107i dodatne kvalifikacije kroz radno iskustvo, a mogu i poha\u0111ati obuku za dodatne kvalifikacije. Zato \u0161to Udru\u017eenje za razvoj znanja vr\u0161i ovjeru dodatnih kvalifikacija odn ispite, ove obuke ne sprovodi Udru\u017eenje, ali za to ima organizovanu mre\u017eu ponu\u0111a\u010da, a to mogu biti \u0161kole, ustanove koje pru\u017eaju obrazovanje odraslih, kompanije i sli\u010dne organizacije koje ispunjavaju materijalne uslove navedene u Katalozima za pojedina\u010dne dodatne kvalifikacije.\n\nUkoliko ste zainteresovani za ovakav vid saradnje, kontaktirajte nas.\"><span class=\"Y2IQFc\" lang=\"bs\">Kod poslodavaca ili sara\u0111ujemo sa njihovim udru\u017eenjima u utvr\u0111ivanju potreba tr\u017ei\u0161ta rada u pogledu vje\u0161tina i kompetencija i definisanju dodatnih kvalifikacija. Poslodavci ili Udru\u017eenja poslodavaca su, u skladu sa internim aktima Udru\u017eenja za razvoj znanja, odgovorna za su\u0161tinsko odobravanje Standarda dokvalifikacije i ispitnih kataloga i za odre\u0111ivanje \u010dlanova ispitnih odbora i ispitnih komisija. Time se osigurava visok kvalitet rada i garancija da nosioci dodatnih uvjerenja o kvalifikaciji ispunjavaju propisane standarde. <\/span><\/p>\n<h2 class=\"tw-data-text tw-text-large tw-ta\" dir=\"ltr\" data-placeholder=\"Prevod\" data-ved=\"2ahUKEwi_otihjoaLAxV0ywIHHZ7AEooQ3ewLegQIChAU\" aria-label=\"Prevedeno besedilo: POSLODAVCI\nKod poslodavaca ili sara\u0111ujemo sa njihovim udru\u017eenjima u utvr\u0111ivanju potreba tr\u017ei\u0161ta rada u pogledu vje\u0161tina i kompetencija i definisanju dodatnih kvalifikacija. Poslodavci ili Udru\u017eenja poslodavaca su, u skladu sa internim aktima Udru\u017eenja za razvoj znanja, odgovorna za su\u0161tinsko odobravanje Standarda dokvalifikacije i ispitnih kataloga i za odre\u0111ivanje \u010dlanova ispitnih odbora i ispitnih komisija. Time se osigurava visok kvalitet rada i garancija da nosioci dodatnih uvjerenja o kvalifikaciji ispunjavaju propisane standarde.\n\nNACIONALNI \u0160TAB\nBudu\u0107i da su dodatne kvalifikacije priznate od strane poslodavaca koji posluju na me\u0111unarodnom tr\u017ei\u0161tu, mogu\u0107 je transfer dodatnih kvalifikacija iu druge nacionalne sredine, ako je potrebno.\n\nNacionalni \u0161tabovi, koji imaju ugovor sa udru\u017eenjem za razvoj znanja, brinu se o lokalizaciji (prilago\u0111avanju nacionalnom zakonodavstvu i tr\u017ei\u0161tu rada) i implementaciji dodatnih kvalifikacija, vode\u0107i ra\u010duna o okvirima i pravilima sistema dokvalifikacija, te sprovode izdaju potvrdu o dodatnim kvalifikacijama.\n\nPru\u017eaoci obuke\nKandidati mogu ste\u0107i dodatne kvalifikacije kroz radno iskustvo, a mogu i poha\u0111ati obuku za dodatne kvalifikacije. Zato \u0161to Udru\u017eenje za razvoj znanja vr\u0161i ovjeru dodatnih kvalifikacija odn ispite, ove obuke ne sprovodi Udru\u017eenje, ali za to ima organizovanu mre\u017eu ponu\u0111a\u010da, a to mogu biti \u0161kole, ustanove koje pru\u017eaju obrazovanje odraslih, kompanije i sli\u010dne organizacije koje ispunjavaju materijalne uslove navedene u Katalozima za pojedina\u010dne dodatne kvalifikacije.\n\nUkoliko ste zainteresovani za ovakav vid saradnje, kontaktirajte nas.\"><span class=\"Y2IQFc\" lang=\"bs\">NACIONALNI \u0160TAB <\/span><\/h2>\n<p class=\"tw-data-text tw-text-large tw-ta\" dir=\"ltr\" data-placeholder=\"Prevod\" data-ved=\"2ahUKEwi_otihjoaLAxV0ywIHHZ7AEooQ3ewLegQIChAU\" aria-label=\"Prevedeno besedilo: POSLODAVCI\nKod poslodavaca ili sara\u0111ujemo sa njihovim udru\u017eenjima u utvr\u0111ivanju potreba tr\u017ei\u0161ta rada u pogledu vje\u0161tina i kompetencija i definisanju dodatnih kvalifikacija. Poslodavci ili Udru\u017eenja poslodavaca su, u skladu sa internim aktima Udru\u017eenja za razvoj znanja, odgovorna za su\u0161tinsko odobravanje Standarda dokvalifikacije i ispitnih kataloga i za odre\u0111ivanje \u010dlanova ispitnih odbora i ispitnih komisija. Time se osigurava visok kvalitet rada i garancija da nosioci dodatnih uvjerenja o kvalifikaciji ispunjavaju propisane standarde.\n\nNACIONALNI \u0160TAB\nBudu\u0107i da su dodatne kvalifikacije priznate od strane poslodavaca koji posluju na me\u0111unarodnom tr\u017ei\u0161tu, mogu\u0107 je transfer dodatnih kvalifikacija iu druge nacionalne sredine, ako je potrebno.\n\nNacionalni \u0161tabovi, koji imaju ugovor sa udru\u017eenjem za razvoj znanja, brinu se o lokalizaciji (prilago\u0111avanju nacionalnom zakonodavstvu i tr\u017ei\u0161tu rada) i implementaciji dodatnih kvalifikacija, vode\u0107i ra\u010duna o okvirima i pravilima sistema dokvalifikacija, te sprovode izdaju potvrdu o dodatnim kvalifikacijama.\n\nPru\u017eaoci obuke\nKandidati mogu ste\u0107i dodatne kvalifikacije kroz radno iskustvo, a mogu i poha\u0111ati obuku za dodatne kvalifikacije. Zato \u0161to Udru\u017eenje za razvoj znanja vr\u0161i ovjeru dodatnih kvalifikacija odn ispite, ove obuke ne sprovodi Udru\u017eenje, ali za to ima organizovanu mre\u017eu ponu\u0111a\u010da, a to mogu biti \u0161kole, ustanove koje pru\u017eaju obrazovanje odraslih, kompanije i sli\u010dne organizacije koje ispunjavaju materijalne uslove navedene u Katalozima za pojedina\u010dne dodatne kvalifikacije.\n\nUkoliko ste zainteresovani za ovakav vid saradnje, kontaktirajte nas.\"><span class=\"Y2IQFc\" lang=\"bs\">Budu\u0107i da su dodatne kvalifikacije priznate od strane poslodavaca koji posluju na me\u0111unarodnom tr\u017ei\u0161tu, mogu\u0107 je transfer dodatnih kvalifikacija iu druge nacionalne sredine, ako je potrebno. Nacionalni \u0161tabovi, koji imaju ugovor sa udru\u017eenjem za razvoj znanja, brinu se o lokalizaciji (prilago\u0111avanju nacionalnom zakonodavstvu i tr\u017ei\u0161tu rada) i implementaciji dodatnih kvalifikacija, vode\u0107i ra\u010duna o okvirima i pravilima sistema dokvalifikacija, te sprovode izdaju potvrdu o dodatnim kvalifikacijama. Pru\u017eaoci obuke Kandidati mogu ste\u0107i dodatne kvalifikacije kroz radno iskustvo, a mogu i poha\u0111ati obuku za dodatne kvalifikacije. Zato \u0161to Udru\u017eenje za razvoj znanja vr\u0161i ovjeru dodatnih kvalifikacija odn ispite, ove obuke ne sprovodi Udru\u017eenje, ali za to ima organizovanu mre\u017eu ponu\u0111a\u010da, a to mogu biti \u0161kole, ustanove koje pru\u017eaju obrazovanje odraslih, kompanije i sli\u010dne organizacije koje ispunjavaju materijalne uslove navedene u Katalozima za pojedina\u010dne dodatne kvalifikacije. <\/span><\/p>\n<p class=\"tw-data-text tw-text-large tw-ta\" dir=\"ltr\" data-placeholder=\"Prevod\" data-ved=\"2ahUKEwi_otihjoaLAxV0ywIHHZ7AEooQ3ewLegQIChAU\" aria-label=\"Prevedeno besedilo: POSLODAVCI\nKod poslodavaca ili sara\u0111ujemo sa njihovim udru\u017eenjima u utvr\u0111ivanju potreba tr\u017ei\u0161ta rada u pogledu vje\u0161tina i kompetencija i definisanju dodatnih kvalifikacija. Poslodavci ili Udru\u017eenja poslodavaca su, u skladu sa internim aktima Udru\u017eenja za razvoj znanja, odgovorna za su\u0161tinsko odobravanje Standarda dokvalifikacije i ispitnih kataloga i za odre\u0111ivanje \u010dlanova ispitnih odbora i ispitnih komisija. Time se osigurava visok kvalitet rada i garancija da nosioci dodatnih uvjerenja o kvalifikaciji ispunjavaju propisane standarde.\n\nNACIONALNI \u0160TAB\nBudu\u0107i da su dodatne kvalifikacije priznate od strane poslodavaca koji posluju na me\u0111unarodnom tr\u017ei\u0161tu, mogu\u0107 je transfer dodatnih kvalifikacija iu druge nacionalne sredine, ako je potrebno.\n\nNacionalni \u0161tabovi, koji imaju ugovor sa udru\u017eenjem za razvoj znanja, brinu se o lokalizaciji (prilago\u0111avanju nacionalnom zakonodavstvu i tr\u017ei\u0161tu rada) i implementaciji dodatnih kvalifikacija, vode\u0107i ra\u010duna o okvirima i pravilima sistema dokvalifikacija, te sprovode izdaju potvrdu o dodatnim kvalifikacijama.\n\nPru\u017eaoci obuke\nKandidati mogu ste\u0107i dodatne kvalifikacije kroz radno iskustvo, a mogu i poha\u0111ati obuku za dodatne kvalifikacije. Zato \u0161to Udru\u017eenje za razvoj znanja vr\u0161i ovjeru dodatnih kvalifikacija odn ispite, ove obuke ne sprovodi Udru\u017eenje, ali za to ima organizovanu mre\u017eu ponu\u0111a\u010da, a to mogu biti \u0161kole, ustanove koje pru\u017eaju obrazovanje odraslih, kompanije i sli\u010dne organizacije koje ispunjavaju materijalne uslove navedene u Katalozima za pojedina\u010dne dodatne kvalifikacije.\n\nUkoliko ste zainteresovani za ovakav vid saradnje, kontaktirajte nas.\"><a href=\"https:\/\/zrz.si\/kontakt\/\"><span class=\"Y2IQFc\" lang=\"bs\">Ukoliko ste zainteresovani za ovakav vid saradnje, kontaktirajte nas.<\/span><\/a><\/p>\n","protected":false},"excerpt":{"rendered":"<p>POSLODAVCI Kod poslodavaca ili sara\u0111ujemo sa njihovim udru\u017eenjima u utvr\u0111ivanju potreba tr\u017ei\u0161ta rada u pogledu vje\u0161tina i kompetencija i definisanju dodatnih kvalifikacija. Poslodavci ili Udru\u017eenja poslodavaca su, u skladu sa internim aktima Udru\u017eenja za razvoj znanja, odgovorna za su\u0161tinsko odobravanje Standarda dokvalifikacije i ispitnih kataloga i za odre\u0111ivanje \u010dlanova ispitnih odbora i ispitnih komisija. Time [&hellip;]<\/p>\n","protected":false},"author":1,"featured_media":0,"parent":0,"menu_order":0,"comment_status":"closed","ping_status":"closed","template":"","meta":{"_acf_changed":false,"footnotes":""},"class_list":["post-1952","page","type-page","status-publish","hentry"],"acf":[],"_links":{"self":[{"href":"https:\/\/zrz.si\/bs\/wp-json\/wp\/v2\/pages\/1952","targetHints":{"allow":["GET"]}}],"collection":[{"href":"https:\/\/zrz.si\/bs\/wp-json\/wp\/v2\/pages"}],"about":[{"href":"https:\/\/zrz.si\/bs\/wp-json\/wp\/v2\/types\/page"}],"author":[{"embeddable":true,"href":"https:\/\/zrz.si\/bs\/wp-json\/wp\/v2\/users\/1"}],"replies":[{"embeddable":true,"href":"https:\/\/zrz.si\/bs\/wp-json\/wp\/v2\/comments?post=1952"}],"version-history":[{"count":0,"href":"https:\/\/zrz.si\/bs\/wp-json\/wp\/v2\/pages\/1952\/revisions"}],"wp:attachment":[{"href":"https:\/\/zrz.si\/bs\/wp-json\/wp\/v2\/media?parent=1952"}],"curies":[{"name":"wp","href":"https:\/\/api.w.org\/{rel}","templated":true}]}}