{"id":1876,"date":"2024-12-24T00:30:57","date_gmt":"2024-12-23T23:30:57","guid":{"rendered":"https:\/\/razvoj2.zrz.si\/?page_id=1876"},"modified":"2025-01-21T07:44:31","modified_gmt":"2025-01-21T06:44:31","slug":"contact","status":"publish","type":"page","link":"https:\/\/zrz.si\/en\/contact\/","title":{"rendered":"Contact"},"content":{"rendered":"<p><strong>Zdru\u017eenje za razvoj znanja<\/strong><br \/>\nKardeljeva plo\u0161\u010dad 1<br \/>\n1000 Ljubljana<\/p>\n<p><strong>Tel:<\/strong>\u00a000 386 1 2927261<br \/>\n<strong>Fax:<\/strong>\u00a000 306 1 2927262<br \/>\n<strong>e- mail:<\/strong>\u00a0info@zrz.si<br \/>\nwww.zrz.si<\/p>\n<p><strong>VAT No:<\/strong>\u00a0SI20470193<br \/>\n<strong>Company ID Number:<\/strong>\u00a04029640000<br \/>\n<strong>IBAN:<\/strong>\u00a0SI56 0201 1025 9237 946, NLB d.d.<\/p>\n<p><strong>How to reach us?<\/strong><\/p>\n<p><strong>Street view:<\/strong>\u00a0\u00a0 \u00a0 \u00a0<strong><a href=\"http:\/\/street-view.bg360.net\/#46.07323;14.51254;-87.57;4.94;0;7;1;h;0\">view from Kardeljeva plo\u0161\u010dad<\/a>\u00a0 \u00a0 \u00a0 \u00a0\u00a0<a href=\"http:\/\/street-view.bg360.net\/#46.07335;14.51126;99.4;8;0;7;1;h;0\">view from Dunajska street<\/a><\/strong><\/p>\n<p>(klik na zemljevid)<\/p>\n<p><img decoding=\"async\" class=\"alignnone size-medium wp-image-110\" src=\"https:\/\/zrz.si\/wp-content\/uploads\/2024\/12\/zemljevid-zrz-300x91.png\" alt=\"\" width=\"300\" height=\"91\" srcset=\"https:\/\/zrz.si\/wp-content\/uploads\/2024\/12\/zemljevid-zrz-300x91.png 300w, https:\/\/zrz.si\/wp-content\/uploads\/2024\/12\/zemljevid-zrz.png 540w\" sizes=\"(max-width: 300px) 100vw, 300px\" \/><\/p>\n<p>&nbsp;<\/p>\n","protected":false},"excerpt":{"rendered":"<p>Zdru\u017eenje za razvoj znanja Kardeljeva plo\u0161\u010dad 1 1000 Ljubljana Tel:\u00a000 386 1 2927261 Fax:\u00a000 306 1 2927262 e- mail:\u00a0info@zrz.si www.zrz.si VAT No:\u00a0SI20470193 Company ID Number:\u00a04029640000 IBAN:\u00a0SI56 0201 1025 9237 946, NLB d.d. How to reach us? Street view:\u00a0\u00a0 \u00a0 \u00a0view from Kardeljeva plo\u0161\u010dad\u00a0 \u00a0 \u00a0 \u00a0\u00a0view from Dunajska street (klik na zemljevid) &nbsp;<\/p>\n","protected":false},"author":1,"featured_media":0,"parent":0,"menu_order":0,"comment_status":"closed","ping_status":"closed","template":"","meta":{"_acf_changed":false,"footnotes":""},"class_list":["post-1876","page","type-page","status-publish","hentry"],"acf":[],"_links":{"self":[{"href":"https:\/\/zrz.si\/en\/wp-json\/wp\/v2\/pages\/1876","targetHints":{"allow":["GET"]}}],"collection":[{"href":"https:\/\/zrz.si\/en\/wp-json\/wp\/v2\/pages"}],"about":[{"href":"https:\/\/zrz.si\/en\/wp-json\/wp\/v2\/types\/page"}],"author":[{"embeddable":true,"href":"https:\/\/zrz.si\/en\/wp-json\/wp\/v2\/users\/1"}],"replies":[{"embeddable":true,"href":"https:\/\/zrz.si\/en\/wp-json\/wp\/v2\/comments?post=1876"}],"version-history":[{"count":1,"href":"https:\/\/zrz.si\/en\/wp-json\/wp\/v2\/pages\/1876\/revisions"}],"predecessor-version":[{"id":1877,"href":"https:\/\/zrz.si\/en\/wp-json\/wp\/v2\/pages\/1876\/revisions\/1877"}],"wp:attachment":[{"href":"https:\/\/zrz.si\/en\/wp-json\/wp\/v2\/media?parent=1876"}],"curies":[{"name":"wp","href":"https:\/\/api.w.org\/{rel}","templated":true}]}}