{"id":2547,"date":"2024-12-24T00:18:19","date_gmt":"2024-12-23T23:18:19","guid":{"rendered":"https:\/\/razvoj2.zrz.si\/kako-do-profesionalne-kvalifikacije\/"},"modified":"2024-12-24T00:18:19","modified_gmt":"2024-12-23T23:18:19","slug":"kako-do-profesionalne-kvalifikacije","status":"publish","type":"page","link":"https:\/\/zrz.si\/sr_lat\/kako-do-profesionalne-kvalifikacije\/","title":{"rendered":"Kako do profesionalne kvalifikacije"},"content":{"rendered":"<p><strong>Koraci za dobijanje profesionalne kvalifikacije:<\/strong><\/p>\n<ul>\n<li>proverite kompetencije za \u017eeljenu dodatnu kvalifikaciju i uporedite ih sa svojim<\/li>\n<li>po potrebi u\u010destvujte u obuci<\/li>\n<li>proverite uslove za pristup sertifikovanju<\/li>\n<li>proverite ispitne rokove i rokove za prijavu<\/li>\n<li>pripremite obavezne i neobavezne dokaze<\/li>\n<li>ispunite prijavu<\/li>\n<li>prijavu i skupljene dokaze po\u0161aljite \u00a0e-prijavom, po\u0161tom na adresu: ZRZ, Kardeljeva plo\u0161\u010dad 1, 1000 Ljubljana, elektronskom po\u0161tom na mail <a href=\"mailto:info@zrz.si\">info@zrz.si<\/a> ili faksom na broj + 386 (0)1 2927262<\/li>\n<li>sa\u010dekajte obave\u0161tenje Udru\u017eenja za razvoj znanja (ZRZ) o realizaciji ispita<\/li>\n<\/ul>\n","protected":false},"excerpt":{"rendered":"<p>Koraci za dobijanje profesionalne kvalifikacije: proverite kompetencije za \u017eeljenu dodatnu kvalifikaciju i uporedite ih sa svojim po potrebi u\u010destvujte u obuci proverite uslove za pristup sertifikovanju proverite ispitne rokove i rokove za prijavu pripremite obavezne i neobavezne dokaze ispunite prijavu prijavu i skupljene dokaze po\u0161aljite \u00a0e-prijavom, po\u0161tom na adresu: ZRZ, Kardeljeva plo\u0161\u010dad 1, 1000 Ljubljana, [&hellip;]<\/p>\n","protected":false},"author":1,"featured_media":0,"parent":0,"menu_order":0,"comment_status":"closed","ping_status":"closed","template":"","meta":{"_acf_changed":false,"footnotes":""},"class_list":["post-2547","page","type-page","status-publish","hentry"],"acf":[],"_links":{"self":[{"href":"https:\/\/zrz.si\/sr_lat\/wp-json\/wp\/v2\/pages\/2547","targetHints":{"allow":["GET"]}}],"collection":[{"href":"https:\/\/zrz.si\/sr_lat\/wp-json\/wp\/v2\/pages"}],"about":[{"href":"https:\/\/zrz.si\/sr_lat\/wp-json\/wp\/v2\/types\/page"}],"author":[{"embeddable":true,"href":"https:\/\/zrz.si\/sr_lat\/wp-json\/wp\/v2\/users\/1"}],"replies":[{"embeddable":true,"href":"https:\/\/zrz.si\/sr_lat\/wp-json\/wp\/v2\/comments?post=2547"}],"version-history":[{"count":0,"href":"https:\/\/zrz.si\/sr_lat\/wp-json\/wp\/v2\/pages\/2547\/revisions"}],"wp:attachment":[{"href":"https:\/\/zrz.si\/sr_lat\/wp-json\/wp\/v2\/media?parent=2547"}],"curies":[{"name":"wp","href":"https:\/\/api.w.org\/{rel}","templated":true}]}}