{"id":2548,"date":"2024-12-24T00:17:16","date_gmt":"2024-12-23T23:17:16","guid":{"rendered":"https:\/\/razvoj2.zrz.si\/kome-su-namenjene-profesionalne-kvalifikacije-urz\/"},"modified":"2024-12-24T00:17:16","modified_gmt":"2024-12-23T23:17:16","slug":"kome-su-namenjene-profesionalne-kvalifikacije-urz","status":"publish","type":"page","link":"https:\/\/zrz.si\/sr_lat\/kome-su-namenjene-profesionalne-kvalifikacije-urz\/","title":{"rendered":"Kome su namenjene profesionalne kvalifikacije URZ"},"content":{"rendered":"<p><b>POJEDINCI<\/b><\/p>\n<p>Profesionalne kvalifikacije URZ omogu\u0107avaju kandidatima nove karijerne mogu\u0107nosti, pove\u0107avaju mogu\u0107nost zaposlenja i mobilnosti na tr\u017ei\u0161tu rada, istovremeno omogu\u0107avaju da znanje, ve\u0161tine i kompetencije, koje su dobili na neorganizovan i neformalan na\u010din i koje su priznate od strane poslodavaca, potvrde u okviru sistema dodatnih kvalifikacija URZ i dobiju sertifikat o dodatnoj kvalifikaciji.<\/p>\n<p>Sertifikat, koji dobijaju kandidati, pokazuje kompetencije u okviru profesionalne kvalifikacije, tako da poslodavac iz isprave mo\u017ee uvideti osposobljenost pojedinca, i zato otvara nove mogu\u0107nosti za zaposlenje i za one koji tra\u017ee posao, jer dokazuje do\u017eivotno u\u010denje i razvoj kandidata.<\/p>\n<p><a href=\"http:\/\/zrz.si\/wp-content\/uploads\/2013\/02\/Primer-certifikata_SLO_ENG.pdf\">Primer sertifikata_SLO_ENG<\/a><\/p>\n<p><b>POSLODAVCI<\/b><\/p>\n<p>Poslodavci su sve vi\u0161e svesni va\u017enosti kvaliteta i razvojno usmerenog potencijala ljudskih resursa, jer bez adekvatno obu\u010denih zaposlenih, koji se brzo prilagodjavaju novim tehnologijama i razvoju, ne mogu da postignu zadate ciljeve. \u010cinjenica je da najuspe\u0161niji poslodavci isti\u010du zna\u010daj svakog od zaposlenih.<\/p>\n<p>Profesionalne kvalifikacije URZ za poslodavce predstavljaju mogu\u0107nost upravljanja razvojnim i tehnolo\u0161kim promenama i promenama u radnim procesima, \u0161to omogu\u0107ava fleksibilnost i odr\u017eavanje konkurentnosti na tr\u017ei\u0161tu.<\/p>\n<p>Poslodavci nisu samo korisnici profesionalne kvalifikacije, ve\u0107 i inicijatori. Poslodavci, koji sti\u010du nova znanja, ve\u0161tine i kompetencije, i \u017eele organizovan i transparentan pristup sertifikovanju i podeli isprava od strane referentnih institucija, saradjuju sa URZ i u razvojnom delu i su\u0161tinski pristupaju definisanju standarda za dobijanje profesionalne kvalifikacije. Te profesionalne kvalifikacije, pre svega, predstavljaju nov razvojni potencijal za granu, odnosno za privredu, jer omogu\u0107avaju stalno pra\u0107enje i unapredjivanje znanja, ve\u0161tina i kompetencija ljudskog potencijala u organizaciji i neposrednu reakciju na novosti ili promene.<\/p>\n","protected":false},"excerpt":{"rendered":"<p>POJEDINCI Profesionalne kvalifikacije URZ omogu\u0107avaju kandidatima nove karijerne mogu\u0107nosti, pove\u0107avaju mogu\u0107nost zaposlenja i mobilnosti na tr\u017ei\u0161tu rada, istovremeno omogu\u0107avaju da znanje, ve\u0161tine i kompetencije, koje su dobili na neorganizovan i neformalan na\u010din i koje su priznate od strane poslodavaca, potvrde u okviru sistema dodatnih kvalifikacija URZ i dobiju sertifikat o dodatnoj kvalifikaciji. Sertifikat, koji dobijaju [&hellip;]<\/p>\n","protected":false},"author":1,"featured_media":0,"parent":0,"menu_order":0,"comment_status":"closed","ping_status":"closed","template":"","meta":{"_acf_changed":false,"footnotes":""},"class_list":["post-2548","page","type-page","status-publish","hentry"],"acf":[],"_links":{"self":[{"href":"https:\/\/zrz.si\/sr_lat\/wp-json\/wp\/v2\/pages\/2548","targetHints":{"allow":["GET"]}}],"collection":[{"href":"https:\/\/zrz.si\/sr_lat\/wp-json\/wp\/v2\/pages"}],"about":[{"href":"https:\/\/zrz.si\/sr_lat\/wp-json\/wp\/v2\/types\/page"}],"author":[{"embeddable":true,"href":"https:\/\/zrz.si\/sr_lat\/wp-json\/wp\/v2\/users\/1"}],"replies":[{"embeddable":true,"href":"https:\/\/zrz.si\/sr_lat\/wp-json\/wp\/v2\/comments?post=2548"}],"version-history":[{"count":0,"href":"https:\/\/zrz.si\/sr_lat\/wp-json\/wp\/v2\/pages\/2548\/revisions"}],"wp:attachment":[{"href":"https:\/\/zrz.si\/sr_lat\/wp-json\/wp\/v2\/media?parent=2548"}],"curies":[{"name":"wp","href":"https:\/\/api.w.org\/{rel}","templated":true}]}}