{"id":2551,"date":"2024-12-24T00:25:59","date_gmt":"2024-12-23T23:25:59","guid":{"rendered":"https:\/\/razvoj2.zrz.si\/misija-i-vizija\/"},"modified":"2024-12-24T00:25:59","modified_gmt":"2024-12-23T23:25:59","slug":"misija-i-vizija","status":"publish","type":"page","link":"https:\/\/zrz.si\/sr_lat\/misija-i-vizija\/","title":{"rendered":"Misija i vizija"},"content":{"rendered":"<p><b>MISIJA<\/b><\/p>\n<p>Pra\u0107enjem trendova i potreba tr\u017ei\u0161ta rada, podsti\u010demo razvoj i napredak dru\u0161tva u okviru koga radimo, brinemo za stalni profesionalnog razvoja ljudskih resursa i trajni razvoj dru\u0161tva i privrede. Posve\u0107eni smo visokim standardima razvojnog posla.<\/p>\n<p>U saradnji sa privrednim i drugim organizacijama, razvijamo fleksibilne, transparentne i pregledne kvalifkacione strukture i dodatne kvalifikacije. Saradjujemo u inovativnim projektima, u kojima razvijamo nova znanja, ve\u0161tine i kompetencije, nove potrebe i mogu\u0107nosti.<\/p>\n<p><b>VIZIJA<\/b><\/p>\n<p>Posta\u0107emo moderator izmedju poslodavaca i njihovih organiizacija na podru\u010dju razvoja ljudskih resursa. Bi\u0107emo nosilac razvoja i povezivanja novih znanja, ve\u0161tina i kompetencija.<\/p>\n<p><b>OP\u0160TI CILJ<\/b><\/p>\n<p>Pra\u0107enjem potreba i kontinuiranim razvojem novih obrazovnih sadr\u017eaja \u2013 pove\u0107anje konkurentnosti korisnika na\u0161ih usluga.<\/p>\n<p><b>STRATE\u0160KI CILJEVI<\/b><\/p>\n<ul>\n<li>obezbediti pristup dodatnim kvalifikacijama na celoj teritoriji Slovenije;<\/li>\n<li>\u0161iriti portfolio dodatnih kvalifikcija;<\/li>\n<li>\u0161iriti prepoznatljivost sistema dodatnih kvalifikacija URZ izvan Slovenije;<\/li>\n<li>utvrditi strate\u0161ku povezanost sa privredom;<\/li>\n<li>\u0161iriti partnersku mre\u017eu u zemlji i inostranstvu;<\/li>\n<li>razvijati nova znanja i prepoznati mogu\u0107nosti.<\/li>\n<\/ul>\n","protected":false},"excerpt":{"rendered":"<p>MISIJA Pra\u0107enjem trendova i potreba tr\u017ei\u0161ta rada, podsti\u010demo razvoj i napredak dru\u0161tva u okviru koga radimo, brinemo za stalni profesionalnog razvoja ljudskih resursa i trajni razvoj dru\u0161tva i privrede. Posve\u0107eni smo visokim standardima razvojnog posla. U saradnji sa privrednim i drugim organizacijama, razvijamo fleksibilne, transparentne i pregledne kvalifkacione strukture i dodatne kvalifikacije. Saradjujemo u inovativnim [&hellip;]<\/p>\n","protected":false},"author":1,"featured_media":0,"parent":0,"menu_order":0,"comment_status":"closed","ping_status":"closed","template":"","meta":{"_acf_changed":false,"footnotes":""},"class_list":["post-2551","page","type-page","status-publish","hentry"],"acf":[],"_links":{"self":[{"href":"https:\/\/zrz.si\/sr_lat\/wp-json\/wp\/v2\/pages\/2551","targetHints":{"allow":["GET"]}}],"collection":[{"href":"https:\/\/zrz.si\/sr_lat\/wp-json\/wp\/v2\/pages"}],"about":[{"href":"https:\/\/zrz.si\/sr_lat\/wp-json\/wp\/v2\/types\/page"}],"author":[{"embeddable":true,"href":"https:\/\/zrz.si\/sr_lat\/wp-json\/wp\/v2\/users\/1"}],"replies":[{"embeddable":true,"href":"https:\/\/zrz.si\/sr_lat\/wp-json\/wp\/v2\/comments?post=2551"}],"version-history":[{"count":0,"href":"https:\/\/zrz.si\/sr_lat\/wp-json\/wp\/v2\/pages\/2551\/revisions"}],"wp:attachment":[{"href":"https:\/\/zrz.si\/sr_lat\/wp-json\/wp\/v2\/media?parent=2551"}],"curies":[{"name":"wp","href":"https:\/\/api.w.org\/{rel}","templated":true}]}}