{"id":2552,"date":"2024-12-24T00:27:12","date_gmt":"2024-12-23T23:27:12","guid":{"rendered":"https:\/\/razvoj2.zrz.si\/mreza-zrz-sertifikatna-centrala\/"},"modified":"2024-12-24T00:27:12","modified_gmt":"2024-12-23T23:27:12","slug":"mreza-zrz-sertifikatna-centrala","status":"publish","type":"page","link":"https:\/\/zrz.si\/sr_lat\/mreza-zrz-sertifikatna-centrala\/","title":{"rendered":"Mre\u017ea ZRZ \u2013 sertifikatna centrala"},"content":{"rendered":"<p><b>POSLODAVCI<\/b><\/p>\n<p>Sa poslodavcima odnosno njihovim udru\u017eenjima saradjujemo u identifikovanju potreba tr\u017ei\u0161ta rada za znanjem, ve\u0161tinama i kompetencijama, kao i pri definisanju dodatnih kvalifikacija. Udru\u017eenja poslodavaca su, u skladu sa internim aktima Udru\u017eenja za razvoj znanja, odgovorni za sadr\u017einsko potvrdjivanje standarda odatnih kvalifikacija i ispitnog kataloga, kao i za odredjivanje \u010dlanova ispitnih odbora i ispitnih komisija. To potvrdjuje visok kvalitet rada i garanciju da nosioci sertifikata o dodatnoj kvalifikaciji ispunjavaju propisane standarde.<\/p>\n<p><b>NACIONALNE CENTRALE<\/b><\/p>\n<p>S obzirom na to da su profesionalne kvalifikacije prepoznate od strane poslodavaca, koji funkcioni\u0161u na medjunarodnom tr\u017ei\u0161tu, ukoliko je to potrebno, mogu\u0107 je prenos profesionalnih kvalifikacija i na druga nacionalna okru\u017eenja.<\/p>\n<p>Nacionalne centrale, koje imaju zaklju\u010den ugovor sa Udru\u017eenjem za razvoj znanja, kao sertifikatne centrale, se brinu za lokalizaciju (prilagodjavanje nacionalnom zakonodavstvu i tr\u017ei\u0161tu rada) i implementaciju okvira kvalifikacija, uzimaju\u0107i u obzir okvir i pravila sistema komorskih kvalifikacja i sertifikacija, i izvode sertifikovanje profesionalnih kvalifikacija.<\/p>\n<p>Nacionalne centrale:<\/p>\n<ul>\n<li>Republika Srbija: Nacionalni centar za sertifikaciju dodatnih kvalifikacija Beograd (www.sertifikuj.se)<\/li>\n<li>Republika Crna Gora: \u00a0D.O.O. \u201cINSTITUT ZA CERTIFICIRANJE SISTEMA\u201d ZA CERTIFIKACIJU, EKSPERTIZU, OBUKU I USLUGE PODGORICA (www.sertifikacija.me)<\/li>\n<li>Republika Hrvatska: KLASTER TERITORIJALNA SURADNJA \u2013 TERIS, ZAGREB (http:\/\/teris-project.eu\/hr\/edukacija\/)<\/li>\n<li>Republika Severna Makedonija: Bussines Confederation of Macedonia \u2013 BUSINESSMACEDONIA (https:\/\/bcm.mk)<\/li>\n<li>Republika Bosna in Hercegovina: Institut za Certificiranje Sistema \u2013 ICS Business Assurance\/Adriatic Countries (www.ics-norm.com)<\/li>\n<\/ul>\n<p><strong>IZVA\u0110IVA\u010cI OBUKE<\/strong><\/p>\n<p>Profesionalne kvalifikacije kandidati mogu da steknu tekom radnog iskustva ali tako\u0111e mogu, da poha\u0111aju obuku za profesionalne kvalifikacije. Udru\u017eenje za razvoj znanja izvodi sertifikaciju profesionalniih kvalifikacija, treningi-obuka pa je pokrenuta od strane organizovane mre\u017ee edukacijskih institucija. To su \u0161kole, ustanove za obrazovanje odraslih, preduze\u0107a i sli\u010dne organizacije koje ispunjavaju materijalne uslove propisane u katalogu za svaku kvalifikaciju posebno.<\/p>\n<p>Ukoliko ste zainteresovani za ovakav vid saradnje molimo vas, da nas kontaktirate.<\/p>\n<p>Izvo\u0111a\u010di obuke:<\/p>\n<ul>\n<li>Forum Media, MARIBOR, Slovenija<\/li>\n<li>\u0160olski center Velenje, Medpodjetni\u0161ki center Velenje, Slovenija<\/li>\n<li>AGORA d.o.o., Podjetje za ustvarjalne komunikacije, Ljubljana, Slovenija<\/li>\n<li>UM Fakulteta za organizacijske vede, Kranj, Slovenija<\/li>\n<li>EdukaCentar Split i Zagreb, Hrvatska<\/li>\n<li>Visoka \u0161kola elektrotehnike i ra\u010dunarstva strukovnih studija, Beograd, Srbija<\/li>\n<li>Internacionalni univerzitet, Novi Pazar, Srbija<\/li>\n<li>Razvojna akademija poljoprivrede Srbije<\/li>\n<li>Inovacioni centar Tehnolo\u0161ko-metalur\u0161kog fakulteta, Beograd, Srbija<\/li>\n<\/ul>\n<p>Lista izvo\u0111a\u010da obuke se konstantno pove\u0107ava.<\/p>\n<p><a href=\"http:\/\/www.zrz.si\/kontakt\/\">Ukoliko ste zainteresovani za ovakav vid saradnje molimo vas, da nas kontaktirate.<\/a><\/p>\n","protected":false},"excerpt":{"rendered":"<p>POSLODAVCI Sa poslodavcima odnosno njihovim udru\u017eenjima saradjujemo u identifikovanju potreba tr\u017ei\u0161ta rada za znanjem, ve\u0161tinama i kompetencijama, kao i pri definisanju dodatnih kvalifikacija. Udru\u017eenja poslodavaca su, u skladu sa internim aktima Udru\u017eenja za razvoj znanja, odgovorni za sadr\u017einsko potvrdjivanje standarda odatnih kvalifikacija i ispitnog kataloga, kao i za odredjivanje \u010dlanova ispitnih odbora i ispitnih komisija. [&hellip;]<\/p>\n","protected":false},"author":1,"featured_media":0,"parent":0,"menu_order":0,"comment_status":"closed","ping_status":"closed","template":"","meta":{"_acf_changed":false,"footnotes":""},"class_list":["post-2552","page","type-page","status-publish","hentry"],"acf":[],"_links":{"self":[{"href":"https:\/\/zrz.si\/sr_lat\/wp-json\/wp\/v2\/pages\/2552","targetHints":{"allow":["GET"]}}],"collection":[{"href":"https:\/\/zrz.si\/sr_lat\/wp-json\/wp\/v2\/pages"}],"about":[{"href":"https:\/\/zrz.si\/sr_lat\/wp-json\/wp\/v2\/types\/page"}],"author":[{"embeddable":true,"href":"https:\/\/zrz.si\/sr_lat\/wp-json\/wp\/v2\/users\/1"}],"replies":[{"embeddable":true,"href":"https:\/\/zrz.si\/sr_lat\/wp-json\/wp\/v2\/comments?post=2552"}],"version-history":[{"count":0,"href":"https:\/\/zrz.si\/sr_lat\/wp-json\/wp\/v2\/pages\/2552\/revisions"}],"wp:attachment":[{"href":"https:\/\/zrz.si\/sr_lat\/wp-json\/wp\/v2\/media?parent=2552"}],"curies":[{"name":"wp","href":"https:\/\/api.w.org\/{rel}","templated":true}]}}