{"id":2554,"date":"2024-12-24T00:31:45","date_gmt":"2024-12-23T23:31:45","guid":{"rendered":"https:\/\/razvoj2.zrz.si\/pitajte-nas\/"},"modified":"2025-04-10T07:23:26","modified_gmt":"2025-04-10T06:23:26","slug":"pitajte-nas","status":"publish","type":"page","link":"https:\/\/zrz.si\/sr_lat\/pitajte-nas\/","title":{"rendered":"Pitajte nas"},"content":{"rendered":"\t\t<div data-elementor-type=\"wp-page\" data-elementor-id=\"2554\" class=\"elementor elementor-2554 elementor-2542\" data-elementor-post-type=\"page\">\n\t\t\t\t<div class=\"elementor-element elementor-element-37721556 e-flex e-con-boxed e-con e-parent\" data-id=\"37721556\" data-element_type=\"container\">\n\t\t\t\t\t<div class=\"e-con-inner\">\n\t\t\t\t<div class=\"elementor-element elementor-element-67cc1ea elementor-widget elementor-widget-shortcode\" data-id=\"67cc1ea\" data-element_type=\"widget\" data-widget_type=\"shortcode.default\">\n\t\t\t\t<div class=\"elementor-widget-container\">\n\t\t\t\t\t\t\t<div class=\"elementor-shortcode\">\n<div class=\"wpcf7 no-js\" id=\"wpcf7-f2757-o1\" lang=\"sl-SI\" dir=\"ltr\" data-wpcf7-id=\"2757\">\n<div class=\"screen-reader-response\"><p role=\"status\" aria-live=\"polite\" aria-atomic=\"true\"><\/p> <ul><\/ul><\/div>\n<form action=\"\/sr_lat\/wp-json\/wp\/v2\/pages\/2554#wpcf7-f2757-o1\" method=\"post\" class=\"wpcf7-form init\" aria-label=\"Contact form\" novalidate=\"novalidate\" data-status=\"init\">\n<div style=\"display: none;\">\n<input type=\"hidden\" name=\"_wpcf7\" value=\"2757\" \/>\n<input type=\"hidden\" name=\"_wpcf7_version\" value=\"6.0.5\" \/>\n<input type=\"hidden\" name=\"_wpcf7_locale\" value=\"sl_SI\" \/>\n<input type=\"hidden\" name=\"_wpcf7_unit_tag\" value=\"wpcf7-f2757-o1\" \/>\n<input type=\"hidden\" name=\"_wpcf7_container_post\" value=\"0\" \/>\n<input type=\"hidden\" name=\"_wpcf7_posted_data_hash\" value=\"\" \/>\n<input type=\"hidden\" name=\"_wpcf7dtx_version\" value=\"5.0.3\" \/>\n<\/div>\n<p>Za vsa dodatna vpra\u0161anja se nam lahko oglasite tudi preko spletnega obrazca:\n<\/p>\n<p><label> Va\u0161e ime<br \/>\n<span class=\"wpcf7-form-control-wrap\" data-name=\"your-name\"><input size=\"40\" maxlength=\"400\" class=\"wpcf7-form-control wpcf7-text wpcf7-validates-as-required\" autocomplete=\"name\" aria-required=\"true\" aria-invalid=\"false\" value=\"\" type=\"text\" name=\"your-name\" \/><\/span> <\/label>\n<\/p>\n<p><label> Va\u0161a e-po\u0161ta<br \/>\n<span class=\"wpcf7-form-control-wrap\" data-name=\"your-email\"><input size=\"40\" maxlength=\"400\" class=\"wpcf7-form-control wpcf7-email wpcf7-validates-as-required wpcf7-text wpcf7-validates-as-email\" autocomplete=\"email\" aria-required=\"true\" aria-invalid=\"false\" value=\"\" type=\"email\" name=\"your-email\" \/><\/span> <\/label>\n<\/p>\n<p><label> Zadeva<br \/>\n<span class=\"wpcf7-form-control-wrap\" data-name=\"your-subject\"><input size=\"40\" maxlength=\"400\" class=\"wpcf7-form-control wpcf7-text wpcf7-validates-as-required\" aria-required=\"true\" aria-invalid=\"false\" value=\"\" type=\"text\" name=\"your-subject\" \/><\/span> <\/label>\n<\/p>\n<p><label> Va\u0161e sporo\u010dilo (neobvezno)<br \/>\n<span class=\"wpcf7-form-control-wrap\" data-name=\"your-message\"><textarea cols=\"40\" rows=\"10\" maxlength=\"2000\" class=\"wpcf7-form-control wpcf7-textarea\" aria-invalid=\"false\" name=\"your-message\"><\/textarea><\/span> <\/label>\n<\/p>\n<p><div id=\"cf7sr-69fe2d65d0e3c\" class=\"cf7sr-g-hcaptcha\" data-theme=\"light\" data-size=\"compact\" data-sitekey=\"8bdae214-84c4-4c72-9a36-c2021cd42e30\"><\/div><span class=\"wpcf7-form-control-wrap cf7sr-hcaptcha\" data-name=\"cf7sr-hcaptcha\"><input type=\"hidden\" name=\"cf7sr-hcaptcha\" value=\"\" class=\"wpcf7-form-control\"><\/span><br \/>\n<span id=\"wpcf7-69fe2d65d0d59-wrapper\" class=\"wpcf7-form-control-wrap honeypot-602-wrap\" style=\"display:none !important; visibility:hidden !important;\"><label for=\"wpcf7-69fe2d65d0d59-field\" class=\"hp-message\">Please leave this field empty.<\/label><input id=\"wpcf7-69fe2d65d0d59-field\"  class=\"wpcf7-form-control wpcf7-text\" type=\"text\" name=\"honeypot-602\" value=\"\" size=\"40\" tabindex=\"-1\" autocomplete=\"new-password\" \/><\/span><br \/>\n<input class=\"wpcf7-form-control wpcf7-submit has-spinner\" type=\"submit\" value=\"Po\u0161lji\" \/>\n<\/p>\n<p>Polja ozna\u010dena z zvezdico (*) so obvezna. Osebne podatke, ki jih boste navedli v spletni kontaktni obrazec, bo ZRZ Zdru\u017eenje za razvoj znanja obdeloval na podlagi zakonitega interesa (komuniciranje s strankami in javnostjo) za namen odgovora na va\u0161e povpra\u0161evanje in jih bo hranil do dosega namena izvedene komunikacije oziroma v skladu s prepisanim rokom hrambe, v kolikor bo z vami sklenjena pogodba. Ve\u010d informacij lahko pridobite v <a href=https:\/\/www.zrz.si\/pravno-obvestilo>Politiki zasebnosti<\/a>.\n<\/p><input type='hidden' class='wpcf7-pum' value='{\"closepopup\":false,\"closedelay\":0,\"openpopup\":false,\"openpopup_id\":0}' \/><div class=\"wpcf7-response-output\" aria-hidden=\"true\"><\/div>\n<\/form>\n<\/div>\n<\/div>\n\t\t\t\t\t\t<\/div>\n\t\t\t\t<\/div>\n\t\t\t\t<div class=\"elementor-element elementor-element-7a8a13c8 elementor-widget elementor-widget-text-editor\" data-id=\"7a8a13c8\" data-element_type=\"widget\" data-widget_type=\"text-editor.default\">\n\t\t\t\t<div class=\"elementor-widget-container\">\n\t\t\t\t\t\t\t\t\t<h1><strong>Pogosta vpra\u0161anja in odgovori<\/strong><\/h1>\n<h2><strong>Kako se prijavim na izpit?<\/strong><\/h2>\n<p>Pozorno preverite pogoje, ki jih morajo kandidati izpolnjevati, da lahko pristopijo k izpitu, ki so objavljeni pri vsaki dodatni kvalifikaciji posebej. \u010ce izpolnjujete pogoje preverite izpitne roke in izpolnite prijavnico, ki jo po\u0161ljite po elektronski po\u0161ti na naslov <strong>info@zrz.si<\/strong>\u00a0ali po faksu na \u0161t. 01 2927262. Prijavi prilo\u017eite vse potrebne kopije dokumentov, s katerimi dokazujete, da izpolnjujete pogoje za pristop k izpitu. V tej fazi je dovolj, da nam dokumente posredujete po faksu ali skenirane po elektronski po\u0161ti, originale boste prinesli direktno na izpit.<\/p>\n<h2><strong>Ali moram biti pri prijavi na kaj posebej pozoren?<\/strong><\/h2>\n<p>Pozorni bodite na rok prijave, ki je objavljen v izpitnih rokih in najkasneje do tega datume posredujte prijavnico in pazite, da prilo\u017eite kopije vseh potrebnih dokazil. V kolikor bo kateri od potrebnih dokumentov manjkal , vas bomo pozvali, da boste prijavnico v dolo\u010denem roku dopolnili.<\/p>\n<h2><strong>Ali lahko ob prijavi po\u0161ljem tudi druge dokumente, ki dokazujejo moja znanja in kompetence?<\/strong><\/h2>\n<p>\u010ce se ta znanja in kompetence nana\u0161ajo na strokovno kvalifikacijo ki vas zanima, potem je to za\u017eeleno. Izpitna komisija bo vse te dokumente preverila. \u010ce bo izpitna komisija ugotovila, da gre za ustrezen in verodostojne dokumente, vam bo del dodatne kvalifikacije priznala in za ta del vam ne bo potrebno opravljati izpita. Izjemoma, \u010de bodo dokazila pokrivala strokovno kvalifikacijo v celoti in bodo brez dvoma dokazovala usposobljenost, bo komisija lahko kvalifikacijo v celoti priznala, tako, da opravljanje izpita ne bo potrebno.<\/p>\n<h2><strong>Gledal sem izpitne naloge, ali bodo na izpitu preverjali vse kompetence?<\/strong><\/h2>\n<p>Izpit lahko traja najve\u010d 180 minut. \u010ce gre za ustni del izpita in zagovor vnaprej pripravljene pisne naloge (seminarske naloge) traja najve\u010d 30 minut. Prakti\u010dni izpit z ustnim zagovorom za posameznega udele\u017eenca lahko traja najve\u010d 60 minut oz. ve\u010d \u010de je v katalogu to posebej zapisano.<br \/>Udele\u017eenec ima pravico do 15 minutne priprave pred ustnim izpitom.<br \/>Velja, da se na izpitu preverjajo vse kompetence, razen v primeru, da kandidat dolo\u010dene kompetence za izkazuje s dokazili, ki jih je prilo\u017eil prijavnici in mu\/ji je komisija dolo\u010dene kompetence \u017ee priznala. V tem primeru teh kompetenc komisija na izpitu ne bo preverjala.<\/p>\n\t\t\t\t\t\t\t\t<\/div>\n\t\t\t\t<\/div>\n\t\t\t\t\t<\/div>\n\t\t\t\t<\/div>\n\t\t\t\t<\/div>\n\t\t","protected":false},"excerpt":{"rendered":"<p>\u010cesta pitanja i odgovori Kako se prijavljujem na ispit? Pa\u017eljivo proverite uslove, koje kandidati moraju ispuniti da bi pristupili ispitu, koji su posebno objavljeni za svaku profesionalnu kvalifikaciju. Ako ispunjavate uslove, proverite termine ispitnih rokova i popunite prijavu, koju treba da po\u0161aljete elektronskom po\u0161tom na mail info@zrz.si ili faksom na br. + 386 (0)1 2927262. [&hellip;]<\/p>\n","protected":false},"author":1,"featured_media":0,"parent":0,"menu_order":0,"comment_status":"closed","ping_status":"closed","template":"","meta":{"_acf_changed":false,"footnotes":""},"class_list":["post-2554","page","type-page","status-publish","hentry"],"acf":[],"_links":{"self":[{"href":"https:\/\/zrz.si\/sr_lat\/wp-json\/wp\/v2\/pages\/2554","targetHints":{"allow":["GET"]}}],"collection":[{"href":"https:\/\/zrz.si\/sr_lat\/wp-json\/wp\/v2\/pages"}],"about":[{"href":"https:\/\/zrz.si\/sr_lat\/wp-json\/wp\/v2\/types\/page"}],"author":[{"embeddable":true,"href":"https:\/\/zrz.si\/sr_lat\/wp-json\/wp\/v2\/users\/1"}],"replies":[{"embeddable":true,"href":"https:\/\/zrz.si\/sr_lat\/wp-json\/wp\/v2\/comments?post=2554"}],"version-history":[{"count":2,"href":"https:\/\/zrz.si\/sr_lat\/wp-json\/wp\/v2\/pages\/2554\/revisions"}],"predecessor-version":[{"id":2805,"href":"https:\/\/zrz.si\/sr_lat\/wp-json\/wp\/v2\/pages\/2554\/revisions\/2805"}],"wp:attachment":[{"href":"https:\/\/zrz.si\/sr_lat\/wp-json\/wp\/v2\/media?parent=2554"}],"curies":[{"name":"wp","href":"https:\/\/api.w.org\/{rel}","templated":true}]}}