{"id":2557,"date":"2024-12-24T00:25:12","date_gmt":"2024-12-23T23:25:12","guid":{"rendered":"https:\/\/razvoj2.zrz.si\/prava-kandidata\/"},"modified":"2024-12-24T00:25:12","modified_gmt":"2024-12-23T23:25:12","slug":"prava-kandidata","status":"publish","type":"page","link":"https:\/\/zrz.si\/sr_lat\/prava-kandidata\/","title":{"rendered":"Prava kandidata"},"content":{"rendered":"<ul>\n<li>U roku od 15 dana nakon isteka prijavnog roka, kandidati \u0107e biti pozvani zbog dopunjenja prijave i sadr\u017eaja provere;<\/li>\n<li>Kandidati se u roku od 15 dana nakon isteka prijavnog roka obave\u0161tavaju o datumu, mestu, sadr\u017eini ispita i o pla\u0107anju tro\u0161kova;<\/li>\n<li>Kandidat, koji ne ispunjava uslove za pristup sertifikovanju \u0107e biti o tome obave\u0161ten putem odluke;<\/li>\n<li>Kandidati imaju pravo prigovora na Odluku o neispunjavanju uslova za pristup sertifikovanju 3 dana nakon prijema odluke;<\/li>\n<li>Ako kandidat iz opravdanih razloga nije u mogu\u0107nosti da pristupi ispitu ili ga prekine, vra\u0107a mu se naknada za ispitivanje nakon odbitka nastalih tro\u0161kova;<\/li>\n<li>Ispit u celini traje najvi\u0161e 180 minuta;<\/li>\n<li>Kandidat ima pravo na 15-minutnu pripremu pre usmenog ispita;<\/li>\n<li>URZ treba pismeno da obavesti kandidata o uspehu na ispitu najkasnije osam dana nakon datuma pisanog ispita;<\/li>\n<li>Ocena usmenog ispita se saop\u0161tava kandidatu nakon zavr\u0161etka usmenog ispita;<\/li>\n<li>Kandidat ima pravo uvida u ispitnu dokumentaciju;<\/li>\n<li>Kandidat mo\u017ee vi\u0161e puta da se prijavi na ispit, sve dok ne doka\u017ee osposobljenost;<\/li>\n<li>Kandidat ima pravo prigovora na Odluku o neobavljenom sertifikovanju profesionalne\u00a0kvalifikacije tri dana nakon prijema obave\u0161tenja;<\/li>\n<li>Kandidat ima pravo prigovora na rad ispitne komisije 3 dana po prijemu sertifikata, odnosno obave\u0161tenja o neobavljenom sertifikovanju profesionalne\u00a0kvalifikacije.<\/li>\n<li><\/li>\n<\/ul>\n","protected":false},"excerpt":{"rendered":"<p>U roku od 15 dana nakon isteka prijavnog roka, kandidati \u0107e biti pozvani zbog dopunjenja prijave i sadr\u017eaja provere; Kandidati se u roku od 15 dana nakon isteka prijavnog roka obave\u0161tavaju o datumu, mestu, sadr\u017eini ispita i o pla\u0107anju tro\u0161kova; Kandidat, koji ne ispunjava uslove za pristup sertifikovanju \u0107e biti o tome obave\u0161ten putem odluke; [&hellip;]<\/p>\n","protected":false},"author":1,"featured_media":0,"parent":0,"menu_order":0,"comment_status":"closed","ping_status":"closed","template":"","meta":{"_acf_changed":false,"footnotes":""},"class_list":["post-2557","page","type-page","status-publish","hentry"],"acf":[],"_links":{"self":[{"href":"https:\/\/zrz.si\/sr_lat\/wp-json\/wp\/v2\/pages\/2557","targetHints":{"allow":["GET"]}}],"collection":[{"href":"https:\/\/zrz.si\/sr_lat\/wp-json\/wp\/v2\/pages"}],"about":[{"href":"https:\/\/zrz.si\/sr_lat\/wp-json\/wp\/v2\/types\/page"}],"author":[{"embeddable":true,"href":"https:\/\/zrz.si\/sr_lat\/wp-json\/wp\/v2\/users\/1"}],"replies":[{"embeddable":true,"href":"https:\/\/zrz.si\/sr_lat\/wp-json\/wp\/v2\/comments?post=2557"}],"version-history":[{"count":0,"href":"https:\/\/zrz.si\/sr_lat\/wp-json\/wp\/v2\/pages\/2557\/revisions"}],"wp:attachment":[{"href":"https:\/\/zrz.si\/sr_lat\/wp-json\/wp\/v2\/media?parent=2557"}],"curies":[{"name":"wp","href":"https:\/\/api.w.org\/{rel}","templated":true}]}}