{"id":2559,"date":"2024-12-24T00:13:45","date_gmt":"2024-12-23T23:13:45","guid":{"rendered":"https:\/\/razvoj2.zrz.si\/sta-su-profesionalne-kvalifikacije-urz\/"},"modified":"2024-12-24T00:13:45","modified_gmt":"2024-12-23T23:13:45","slug":"sta-su-profesionalne-kvalifikacije-urz","status":"publish","type":"page","link":"https:\/\/zrz.si\/sr_lat\/sta-su-profesionalne-kvalifikacije-urz\/","title":{"rendered":"\u0160ta su profesionalne kvalifikacije URZ"},"content":{"rendered":"<p>Profesionalne kvalifikacije URZ otvaraju nove mogu\u0107nosti dobijanja, odnosno znanja, ve\u0161tina i kompetencija, koje nismo mogli da dobijemo u formalnom obrazovanju, kao i znanje\u00a0 koje se razvija na osnovu novosti u tehnologiji i radnim procesima i neophodno je za rad u savremeno, razvojno orijentisanom dru\u0161tvu.<\/p>\n<p>\u010cinjenica je da znanja, ve\u0161tine i kompetencije brzo zastarevaju, odnosno nastaju. Nova tehnoloija, na\u010din rada, zahtevi tr\u017ei\u0161ta i, sa druge strane, \u017eelja za li\u010dnim rastom i napredovanjem zahtevaju od nas kontinuirano u\u010denje. Ovo u\u010denje se ne odvija samo u u\u010dionicama i \u0161koli, ve\u0107 i nesvesno. U\u010dimo svaki \u010das i svaki \u010das crpimo iz okru\u017eenja nova znanja, ve\u0161tine i kompetencije, koje zatim koristimo za bolji, br\u017ei, kvalitetniji i efikasniji rad.<\/p>\n<p>Profesionalna kvalifikacija Udru\u017eenja za razvoj znanja (URZ) je rezultat obrazovanja i osposobljavanja, odnosno dobijenog radnog iskustva i dopunjuje, produbljuje i \u0161iri znanje, ve\u0161tine i mogu\u0107nosti pojedinca za \u017eivot i rad, i potvrdjuje se sertifikatom.<\/p>\n<p>Profesionalne kvalifikacije URZ su prepoznate od strane poslodavaca i potvrdjene od strane poslodava\u010dkih organizacija, kao kombinacija znanja, ve\u0161tina i kompetencija za odredjen zaokru\u017een skup stru\u010dnosti i delatnosti, koji je potreban sa aspekta poslodavca za postizanje odredjenog kvaliteta.<\/p>\n<p>Sertifikat, koji dobijaju kandidati nakon uspe\u0161no zavr\u0161enog sertifikovanja, nije nacionalni dokument (isprava) i ne omogu\u0107ava stepen obrazovanja na vi\u0161em nivou, ve\u0107 je referentni dokument, koji je dodatak svedo\u010danstvu, diplomi, odnosno sertifikatu, koji omogu\u0107ava zaposlenje i nastavak rada i dokazuje do\u017eivotno u\u010denje i unapredjivanje znanja, koji je za postizanje konkurentnosti na tr\u017ei\u0161tu rada ne samo po\u017eeljan, ve\u0107 neophodan.<\/p>\n<p><b>KRITERIJUMI ZA PROFESIONALNU KVALIFIKACIJU URZ<\/b><\/p>\n<p>Profesionalne kvalifikacije u okviru sistema URZ moraju da ispune slede\u0107e kriterijume:<\/p>\n<ul>\n<li>zaokru\u017een skup stru\u010dnosti, odn. delatnosti,<\/li>\n<li>povezana kombinacija znanja, ve\u0161tina i kompetencija, koje po pravilu obavlja jedna osoba u okviru svog posla ili radnog mesta,<\/li>\n<li>dodatak, odnosno nadogradnja formalnom programu obrazovanja i osposobljavanja, nacionalnoj stru\u010dnoj ili drugoj kvalifikaciji,<\/li>\n<li>sa aspekta poslodavaca prepoznata kombinacija znanja, ve\u0161tina i kompetencija.<\/li>\n<\/ul>\n","protected":false},"excerpt":{"rendered":"<p>Profesionalne kvalifikacije URZ otvaraju nove mogu\u0107nosti dobijanja, odnosno znanja, ve\u0161tina i kompetencija, koje nismo mogli da dobijemo u formalnom obrazovanju, kao i znanje\u00a0 koje se razvija na osnovu novosti u tehnologiji i radnim procesima i neophodno je za rad u savremeno, razvojno orijentisanom dru\u0161tvu. \u010cinjenica je da znanja, ve\u0161tine i kompetencije brzo zastarevaju, odnosno nastaju. [&hellip;]<\/p>\n","protected":false},"author":1,"featured_media":0,"parent":0,"menu_order":0,"comment_status":"closed","ping_status":"closed","template":"","meta":{"_acf_changed":false,"footnotes":""},"class_list":["post-2559","page","type-page","status-publish","hentry"],"acf":[],"_links":{"self":[{"href":"https:\/\/zrz.si\/sr_lat\/wp-json\/wp\/v2\/pages\/2559","targetHints":{"allow":["GET"]}}],"collection":[{"href":"https:\/\/zrz.si\/sr_lat\/wp-json\/wp\/v2\/pages"}],"about":[{"href":"https:\/\/zrz.si\/sr_lat\/wp-json\/wp\/v2\/types\/page"}],"author":[{"embeddable":true,"href":"https:\/\/zrz.si\/sr_lat\/wp-json\/wp\/v2\/users\/1"}],"replies":[{"embeddable":true,"href":"https:\/\/zrz.si\/sr_lat\/wp-json\/wp\/v2\/comments?post=2559"}],"version-history":[{"count":0,"href":"https:\/\/zrz.si\/sr_lat\/wp-json\/wp\/v2\/pages\/2559\/revisions"}],"wp:attachment":[{"href":"https:\/\/zrz.si\/sr_lat\/wp-json\/wp\/v2\/media?parent=2559"}],"curies":[{"name":"wp","href":"https:\/\/api.w.org\/{rel}","templated":true}]}}