{"id":2561,"date":"2024-12-24T00:17:54","date_gmt":"2024-12-23T23:17:54","guid":{"rendered":"https:\/\/razvoj2.zrz.si\/svrha-profesionalne-kvalifikacije\/"},"modified":"2024-12-24T00:17:54","modified_gmt":"2024-12-23T23:17:54","slug":"svrha-profesionalne-kvalifikacije","status":"publish","type":"page","link":"https:\/\/zrz.si\/sr_lat\/svrha-profesionalne-kvalifikacije\/","title":{"rendered":"Svrha profesionalne kvalifikacije"},"content":{"rendered":"<p><b>ZA POJEDINCE<\/b><\/p>\n<ul>\n<li>profesionalne kvalifikacije omogu\u0107avaju brzo prilagodjavanje odnosima na tr\u017ei\u0161tu i potrebama poslodavaca,<\/li>\n<li>sertifikat dokazuje kompetentnost za obavljanje odredjenog posla zato predstavlja ve\u0107u mogu\u0107nost zaposlenja,<\/li>\n<li>profesionalne\u00a0kvalifikacije omogu\u0107avaju li\u010dni i profesionalni razvoj,<\/li>\n<li>profesionalne\u00a0kvalifikacije dokazuju do\u017eivotno u\u010denje, pove\u0107avaju socijalnu mre\u017eu i uklju\u010denost i pove\u0107avaju motivisanost za nastavak obrazovanja.<\/li>\n<\/ul>\n<p><b>ZA POSLODAVCE<\/b><\/p>\n<ul>\n<li>brzo prilagodjavanje kvalifikacija i internih kvalifikacionih struktura razvojnom trendu<\/li>\n<li>prilagodjavanje i unapredjivanje kompetencija zaposlenih<\/li>\n<li>re\u0161avanje problematike deficita unutar organizacije i grane<\/li>\n<li>preglednost postoje\u0107ih kompetencija, uvodjenje dinami\u010dne kvalifikacione strukture i omogu\u0107avanje brze zamene odsutnih zaposlenih.<\/li>\n<\/ul>\n","protected":false},"excerpt":{"rendered":"<p>ZA POJEDINCE profesionalne kvalifikacije omogu\u0107avaju brzo prilagodjavanje odnosima na tr\u017ei\u0161tu i potrebama poslodavaca, sertifikat dokazuje kompetentnost za obavljanje odredjenog posla zato predstavlja ve\u0107u mogu\u0107nost zaposlenja, profesionalne\u00a0kvalifikacije omogu\u0107avaju li\u010dni i profesionalni razvoj, profesionalne\u00a0kvalifikacije dokazuju do\u017eivotno u\u010denje, pove\u0107avaju socijalnu mre\u017eu i uklju\u010denost i pove\u0107avaju motivisanost za nastavak obrazovanja. ZA POSLODAVCE brzo prilagodjavanje kvalifikacija i internih kvalifikacionih struktura [&hellip;]<\/p>\n","protected":false},"author":1,"featured_media":0,"parent":0,"menu_order":0,"comment_status":"closed","ping_status":"closed","template":"","meta":{"_acf_changed":false,"footnotes":""},"class_list":["post-2561","page","type-page","status-publish","hentry"],"acf":[],"_links":{"self":[{"href":"https:\/\/zrz.si\/sr_lat\/wp-json\/wp\/v2\/pages\/2561","targetHints":{"allow":["GET"]}}],"collection":[{"href":"https:\/\/zrz.si\/sr_lat\/wp-json\/wp\/v2\/pages"}],"about":[{"href":"https:\/\/zrz.si\/sr_lat\/wp-json\/wp\/v2\/types\/page"}],"author":[{"embeddable":true,"href":"https:\/\/zrz.si\/sr_lat\/wp-json\/wp\/v2\/users\/1"}],"replies":[{"embeddable":true,"href":"https:\/\/zrz.si\/sr_lat\/wp-json\/wp\/v2\/comments?post=2561"}],"version-history":[{"count":0,"href":"https:\/\/zrz.si\/sr_lat\/wp-json\/wp\/v2\/pages\/2561\/revisions"}],"wp:attachment":[{"href":"https:\/\/zrz.si\/sr_lat\/wp-json\/wp\/v2\/media?parent=2561"}],"curies":[{"name":"wp","href":"https:\/\/api.w.org\/{rel}","templated":true}]}}