{"id":2562,"date":"2024-12-24T00:24:10","date_gmt":"2024-12-23T23:24:10","guid":{"rendered":"https:\/\/razvoj2.zrz.si\/tok-sertifikovanja-i-ispita\/"},"modified":"2024-12-24T00:24:10","modified_gmt":"2024-12-23T23:24:10","slug":"tok-sertifikovanja-i-ispita","status":"publish","type":"page","link":"https:\/\/zrz.si\/sr_lat\/tok-sertifikovanja-i-ispita\/","title":{"rendered":"Tok sertifikovanja i ispita"},"content":{"rendered":"<p>Sertifikovanje profesionalne\u00a0kvalifikacije nije samo ispit pred komisijom, ve\u0107 celokupan postupak od prijave do dobijanja sertifikata o profesionalnoj\u00a0kvalifikaciji.<\/p>\n<p>Ono \u0161to je zna\u010dajno u postupku je da kandidati mogu deo profesionalne\u00a0kvalifikacije, izuzetno profesionalnu\u00a0kvalifikaciju u celini da doka\u017eu odgovaraju\u0107im dodatni, odnosno neobaveznim dokazima, koje prila\u017eu uz prijavu.<\/p>\n<p>Obavezni dokazi su oni, kojima kandidat dokazuje da ispunjava uslove za pristup sertifikovanju:<\/p>\n<ul>\n<li>biografija (preporu\u010dujemo\u00a0<a title=\"europass-cv\" href=\"http:\/\/www.europass.si\/europass_zivljenjepis.aspx\">EUROPASS CV obrazac<\/a>),<\/li>\n<li>dokaz o zavr\u0161enom obrazovanju,<\/li>\n<li>dokaz o prethodnom radnom iskustvu (radna knji\u017eica, ugovor o radu, preporuka, opis posla, izjava poslodavca, \u2026),<\/li>\n<li>ostale potvrde u skladu sa uslovima za pristup sertifikovanju prema SPKIK (Standard profesionalne kvalifikacije i ispitni katalog).<\/li>\n<\/ul>\n<p>Dodatni, odnosno neobavezni dokazi su oni kojima dokazujemo znanje, ve\u0161tine i kompetencije zapisane u standardu profesionalne\u00a0kvalifikacije.<\/p>\n<p>Dodatni dokazi moraju biti novijeg datuma i moraju se odnositi na kandidata. URZ nudi pomo\u0107 u prikupljanju dodatnih dokaza.<\/p>\n<p>Dodatni dokaz je:<\/p>\n<ul>\n<li>potvrda o radnom i drugom iskustvu, koje izdaje poslodavac, odnosno njegov ovla\u0161\u0107eni predstavnik,<\/li>\n<li>referentni dokument o radu kandidata,<\/li>\n<li>potvrda o pohadjanju i zavr\u0161etkku formalnog i neformalnog obrazovanja ili osposobljavanja,<\/li>\n<li>proizvod, model, program, itd.,<\/li>\n<li>pisani proizvod, koji je kandidat uradio na radnom mestu (npr. napisan projekat, plan, razvojni zadatak, istra\u017eivanje, elaborat, analiza, esej, izve\u0161taj o proceni, prevod nekog teksta, zavr\u0161ni ra\u010dun malog preduze\u0107a, kadrovski plan preduze\u0107a, itd.),<\/li>\n<li>fotografije i video zapisi rada, odnosno usluge na radnom mestu,<\/li>\n<li>dokaz o primljenim priznanjima, odnosno nagradama sa takmi\u010denja, koji su su\u0161tinski u vezi sa dodatnom kvalifikacijom,<\/li>\n<li>autorski ili koautorski rad u pisanju \u010dlanaka, knjige i drugih publikacija,<\/li>\n<li>patent itd.<\/li>\n<\/ul>\n<p>Prikupljanje dodatnih dokaza koji \u0107e potvrditi dodatnu kvalifikaciju ima smisla, ako je kandidat radom, hobijem, pohadjanjem obuka dobio odgovaraju\u0107a znanja, ve\u0161tine i kompetencije, koje mo\u017ee da doka\u017ee.<\/p>\n<p>Sam ispit se obavlja na osnovu ispitnog kataloga. Na ispitu, tro\u010dlana ispitna komisija proverava znanje, ve\u0161tine i kompetencije kandiata. Ako kandidat deo znanja, ve\u0161tina i kompetencija doka\u017ee preko dodatnih dokaza, ispit ne obavlja u celini, ve\u0107 samo preostali deo ispita.<\/p>\n<p>Dakle, sertifikovanje je:<\/p>\n<ul>\n<li>pregled i potvrdjivanje dodatnih dokaza;<\/li>\n<li>ispit;<\/li>\n<li>naj\u010de\u0161\u0107e je kombinacija potvrdjivanja dokaza i ispita.<\/li>\n<\/ul>\n<p>Sertifikat, koji dobijaju kandidati je referentni dokument, koji dokazuje odredjene kompetencije, znanje i ve\u0161tine. Nije javna isprava, pomo\u0107u koje mo\u017eete da nastavite obrazovanje na vi\u0161em stepenu, ve\u0107 je isprava, koja pove\u0107ava mogu\u0107nosti za zaposlenje i omogu\u0107ava aposlenje u specifi\u010dnim podru\u010djima.\u00a0zaposlenje u specifi\u010dnim podru\u010djima.<\/p>\n<p><a href=\"http:\/\/zrz.si\/wp-content\/uploads\/2013\/02\/Primer-certifikata_SLO_ENG.pdf\">Primer sertifikata_SLO_ENG<\/a><\/p>\n<p><strong>TOK SETRIFIKOVANJA<\/strong><\/p>\n<p>&nbsp;<\/p>\n","protected":false},"excerpt":{"rendered":"<p>Sertifikovanje profesionalne\u00a0kvalifikacije nije samo ispit pred komisijom, ve\u0107 celokupan postupak od prijave do dobijanja sertifikata o profesionalnoj\u00a0kvalifikaciji. Ono \u0161to je zna\u010dajno u postupku je da kandidati mogu deo profesionalne\u00a0kvalifikacije, izuzetno profesionalnu\u00a0kvalifikaciju u celini da doka\u017eu odgovaraju\u0107im dodatni, odnosno neobaveznim dokazima, koje prila\u017eu uz prijavu. Obavezni dokazi su oni, kojima kandidat dokazuje da ispunjava uslove za [&hellip;]<\/p>\n","protected":false},"author":1,"featured_media":0,"parent":0,"menu_order":0,"comment_status":"closed","ping_status":"closed","template":"","meta":{"_acf_changed":false,"footnotes":""},"class_list":["post-2562","page","type-page","status-publish","hentry"],"acf":[],"_links":{"self":[{"href":"https:\/\/zrz.si\/sr_lat\/wp-json\/wp\/v2\/pages\/2562","targetHints":{"allow":["GET"]}}],"collection":[{"href":"https:\/\/zrz.si\/sr_lat\/wp-json\/wp\/v2\/pages"}],"about":[{"href":"https:\/\/zrz.si\/sr_lat\/wp-json\/wp\/v2\/types\/page"}],"author":[{"embeddable":true,"href":"https:\/\/zrz.si\/sr_lat\/wp-json\/wp\/v2\/users\/1"}],"replies":[{"embeddable":true,"href":"https:\/\/zrz.si\/sr_lat\/wp-json\/wp\/v2\/comments?post=2562"}],"version-history":[{"count":0,"href":"https:\/\/zrz.si\/sr_lat\/wp-json\/wp\/v2\/pages\/2562\/revisions"}],"wp:attachment":[{"href":"https:\/\/zrz.si\/sr_lat\/wp-json\/wp\/v2\/media?parent=2562"}],"curies":[{"name":"wp","href":"https:\/\/api.w.org\/{rel}","templated":true}]}}